{"id":2748,"date":"2022-08-25T15:31:46","date_gmt":"2022-08-25T15:31:46","guid":{"rendered":"http:\/\/2022.escapades.de\/?page_id=2748"},"modified":"2026-04-06T08:12:08","modified_gmt":"2026-04-06T08:12:08","slug":"newsletter","status":"publish","type":"page","link":"https:\/\/www.escapades.de\/en\/newsletter\/","title":{"rendered":"Newsletter"},"content":{"rendered":"\n<p><style>\/*! elementor - v3.20.0 - 26-03-2024 *\/<br \/>.elementor-heading-title{padding:0;margin:0;line-height:1}.elementor-widget-heading .elementor-heading-title[class*=elementor-size-]>a{color:inherit;font-size:inherit;line-height:inherit}.elementor-widget-heading .elementor-heading-title.elementor-size-small{font-size:15px}.elementor-widget-heading .elementor-heading-title.elementor-size-medium{font-size:19px}.elementor-widget-heading .elementor-heading-title.elementor-size-large{font-size:29px}.elementor-widget-heading .elementor-heading-title.elementor-size-xl{font-size:39px}.elementor-widget-heading .elementor-heading-title.elementor-size-xxl{font-size:59px}<\/style><\/p>\n\n\n\n<h2 class=\"wp-block-heading\">Newsletter<\/h2>\n\n\n\n<p>Sie m\u00f6chten unseren Newsletter abonnieren?<\/p>\n\n\n\n<p>So funktioniert es:<br>Schreiben Sie eine Mail an: <a href=\"mailto:info@escapades.de\">info@escapades.de<\/a><br>mit dem Betreff \u201eRegistrierung zum Newsletter\u201c<\/p>\n\n\n\n<p>Sie erkl\u00e4ren damit Ihr Einverst\u00e4ndnis, dass wir Ihren Namen und Ihre Mail-Adresse zum Zweck des Newsletter-Versands speichern d\u00fcrfen.<br>Wir versichern, dass wir Ihre Daten nicht an Dritte weitergeben.<\/p>\n\n\n\n<p>Eine Abmeldung ist jederzeit \u00fcber das Formular am Ende des jeweiligen Newsletters m\u00f6glich.<\/p>\n\n\n\n<p>Unseren letzten Newsletter finden Sie <a href=\"https:\/\/archive.newsletter2go.com\/?n2g=f6osb0ar-qndvhfj5-1jg\" title=\"\">hier<\/a><\/p>\n\n\n\n<p><style>\/*! elementor - v3.20.0 - 26-03-2024 *\/<br \/>.elementor-column .elementor-spacer-inner{height:var(--spacer-size)}.e-con{--container-widget-width:100%}.e-con-inner>.elementor-widget-spacer,.e-con>.elementor-widget-spacer{width:var(--container-widget-width,var(--spacer-size));--align-self:var(--container-widget-align-self,initial);--flex-shrink:0}.e-con-inner>.elementor-widget-spacer>.elementor-widget-container,.e-con>.elementor-widget-spacer>.elementor-widget-container{height:100%;width:100%}.e-con-inner>.elementor-widget-spacer>.elementor-widget-container>.elementor-spacer,.e-con>.elementor-widget-spacer>.elementor-widget-container>.elementor-spacer{height:100%}.e-con-inner>.elementor-widget-spacer>.elementor-widget-container>.elementor-spacer>.elementor-spacer-inner,.e-con>.elementor-widget-spacer>.elementor-widget-container>.elementor-spacer>.elementor-spacer-inner{height:var(--container-widget-height,var(--spacer-size))}.e-con-inner>.elementor-widget-spacer.elementor-widget-empty,.e-con>.elementor-widget-spacer.elementor-widget-empty{position:relative;min-height:22px;min-width:22px}.e-con-inner>.elementor-widget-spacer.elementor-widget-empty .elementor-widget-empty-icon,.e-con>.elementor-widget-spacer.elementor-widget-empty .elementor-widget-empty-icon{position:absolute;top:0;bottom:0;left:0;right:0;margin:auto;padding:0;width:22px;height:22px}<\/style> <style>\/*! elementor - v3.20.0 - 26-03-2024 *\/<br \/>.elementor-widget-image{text-align:center}.elementor-widget-image a{display:inline-block}.elementor-widget-image a img[src$=\".svg\"]{width:48px}.elementor-widget-image img{vertical-align:middle;display:inline-block}<\/style><\/p>\n\n\n\n<figure class=\"wp-block-image\"><img decoding=\"async\" src=\"https:\/\/www.escapades.de\/wp-content\/uploads\/2023\/12\/22The_messenger_of_love22_by_Leonard_Straszynski.jpg\" alt=\"\"\/><figcaption class=\"wp-element-caption\">&#8222;The messenger of love&#8220; by Leonard Straszyn\u0301ski, Wikimedia Commons<\/figcaption><\/figure>\n","protected":false},"excerpt":{"rendered":"<p>Newsletter Sie m\u00f6chten unseren Newsletter abonnieren? So funktioniert es:Schreiben Sie eine Mail an: info@escapades.demit dem Betreff \u201eRegistrierung zum Newsletter\u201c Sie erkl\u00e4ren damit Ihr Einverst\u00e4ndnis, dass wir Ihren Namen und Ihre Mail-Adresse zum Zweck des Newsletter-Versands speichern d\u00fcrfen.Wir versichern, dass wir Ihre Daten nicht an Dritte weitergeben. Eine Abmeldung ist jederzeit \u00fcber das Formular am Ende [&hellip;]<\/p>\n","protected":false},"author":1,"featured_media":0,"parent":0,"menu_order":0,"comment_status":"closed","ping_status":"closed","template":"","meta":{"_uag_custom_page_level_css":"","site-sidebar-layout":"no-sidebar","site-content-layout":"page-builder","ast-site-content-layout":"normal-width-container","site-content-style":"default","site-sidebar-style":"unboxed","ast-global-header-display":"","ast-banner-title-visibility":"","ast-main-header-display":"","ast-hfb-above-header-display":"","ast-hfb-below-header-display":"","ast-hfb-mobile-header-display":"","site-post-title":"disabled","ast-breadcrumbs-content":"","ast-featured-img":"disabled","footer-sml-layout":"","ast-disable-related-posts":"","theme-transparent-header-meta":"","adv-header-id-meta":"","stick-header-meta":"","header-above-stick-meta":"","header-main-stick-meta":"","header-below-stick-meta":"","astra-migrate-meta-layouts":"set","ast-page-background-enabled":"default","ast-page-background-meta":{"desktop":{"background-color":"var(--ast-global-color-4)","background-image":"","background-repeat":"repeat","background-position":"center center","background-size":"auto","background-attachment":"scroll","background-type":"","background-media":"","overlay-type":"","overlay-color":"","overlay-opacity":"","overlay-gradient":""},"tablet":{"background-color":"","background-image":"","background-repeat":"repeat","background-position":"center center","background-size":"auto","background-attachment":"scroll","background-type":"","background-media":"","overlay-type":"","overlay-color":"","overlay-opacity":"","overlay-gradient":""},"mobile":{"background-color":"","background-image":"","background-repeat":"repeat","background-position":"center center","background-size":"auto","background-attachment":"scroll","background-type":"","background-media":"","overlay-type":"","overlay-color":"","overlay-opacity":"","overlay-gradient":""}},"ast-content-background-meta":{"desktop":{"background-color":"var(--ast-global-color-5)","background-image":"","background-repeat":"repeat","background-position":"center center","background-size":"auto","background-attachment":"scroll","background-type":"","background-media":"","overlay-type":"","overlay-color":"","overlay-opacity":"","overlay-gradient":""},"tablet":{"background-color":"var(--ast-global-color-5)","background-image":"","background-repeat":"repeat","background-position":"center center","background-size":"auto","background-attachment":"scroll","background-type":"","background-media":"","overlay-type":"","overlay-color":"","overlay-opacity":"","overlay-gradient":""},"mobile":{"background-color":"var(--ast-global-color-5)","background-image":"","background-repeat":"repeat","background-position":"center center","background-size":"auto","background-attachment":"scroll","background-type":"","background-media":"","overlay-type":"","overlay-color":"","overlay-opacity":"","overlay-gradient":""}},"ngg_post_thumbnail":0,"_vp_format_video_url":"","_vp_image_focal_point":[],"footnotes":""},"class_list":["post-2748","page","type-page","status-publish","hentry"],"aioseo_notices":[],"uagb_featured_image_src":{"full":false,"thumbnail":false,"medium":false,"medium_large":false,"large":false,"1536x1536":false,"2048x2048":false,"trp-custom-language-flag":false,"vp_sm":false,"vp_md":false,"vp_lg":false,"vp_xl":false,"vp_sm_popup":false,"vp_md_popup":false,"vp_xl_popup":false,"bdpp-medium":false},"uagb_author_info":{"display_name":"webproofed","author_link":"https:\/\/www.escapades.de\/en\/author\/admin\/"},"uagb_comment_info":0,"uagb_excerpt":"Newsletter Sie m\u00f6chten unseren Newsletter abonnieren? So funktioniert es:Schreiben Sie eine Mail an: info@escapades.demit dem Betreff \u201eRegistrierung zum Newsletter\u201c Sie erkl\u00e4ren damit Ihr Einverst\u00e4ndnis, dass wir Ihren Namen und Ihre Mail-Adresse zum Zweck des Newsletter-Versands speichern d\u00fcrfen.Wir versichern, dass wir Ihre Daten nicht an Dritte weitergeben. Eine Abmeldung ist jederzeit \u00fcber das Formular am Ende&hellip;","_links":{"self":[{"href":"https:\/\/www.escapades.de\/en\/wp-json\/wp\/v2\/pages\/2748","targetHints":{"allow":["GET"]}}],"collection":[{"href":"https:\/\/www.escapades.de\/en\/wp-json\/wp\/v2\/pages"}],"about":[{"href":"https:\/\/www.escapades.de\/en\/wp-json\/wp\/v2\/types\/page"}],"author":[{"embeddable":true,"href":"https:\/\/www.escapades.de\/en\/wp-json\/wp\/v2\/users\/1"}],"replies":[{"embeddable":true,"href":"https:\/\/www.escapades.de\/en\/wp-json\/wp\/v2\/comments?post=2748"}],"version-history":[{"count":9,"href":"https:\/\/www.escapades.de\/en\/wp-json\/wp\/v2\/pages\/2748\/revisions"}],"predecessor-version":[{"id":5869,"href":"https:\/\/www.escapades.de\/en\/wp-json\/wp\/v2\/pages\/2748\/revisions\/5869"}],"wp:attachment":[{"href":"https:\/\/www.escapades.de\/en\/wp-json\/wp\/v2\/media?parent=2748"}],"curies":[{"name":"wp","href":"https:\/\/api.w.org\/{rel}","templated":true}]}}