{"id":3023,"date":"2022-08-26T11:22:34","date_gmt":"2022-08-26T11:22:34","guid":{"rendered":"http:\/\/2022.escapades.de\/?page_id=3023"},"modified":"2026-01-03T19:46:51","modified_gmt":"2026-01-03T19:46:51","slug":"spenden-2","status":"publish","type":"page","link":"https:\/\/www.escapades.de\/en\/spenden-2\/","title":{"rendered":"Donations"},"content":{"rendered":"\n<p><style>\/*! elementor - v3.7.7 - 20-09-2022 *\/<br \/>\n.elementor-column .elementor-spacer-inner{height:var(--spacer-size)}.e-container{--container-widget-width:100%}.e-container>.elementor-widget-spacer{width:var(--container-widget-width,var(--spacer-size));-ms-flex-item-align:stretch;align-self:stretch;-ms-flex-negative:0;flex-shrink:0}.e-container>.elementor-widget-spacer>.elementor-widget-container,.e-container>.elementor-widget-spacer>.elementor-widget-container>.elementor-spacer{height:100%}.e-container>.elementor-widget-spacer>.elementor-widget-container>.elementor-spacer>.elementor-spacer-inner{height:var(--container-widget-height,var(--spacer-size))}<\/style> <style>\/*! elementor - v3.7.7 - 20-09-2022 *\/<br \/>\n.elementor-heading-title{padding:0;margin:0;line-height:1}.elementor-widget-heading .elementor-heading-title[class*=elementor-size-]>a{color:inherit;font-size:inherit;line-height:inherit}.elementor-widget-heading .elementor-heading-title.elementor-size-small{font-size:15px}.elementor-widget-heading .elementor-heading-title.elementor-size-medium{font-size:19px}.elementor-widget-heading .elementor-heading-title.elementor-size-large{font-size:29px}.elementor-widget-heading .elementor-heading-title.elementor-size-xl{font-size:39px}.elementor-widget-heading .elementor-heading-title.elementor-size-xxl{font-size:59px}<\/style><\/p>\n\n\n\n<h2 class=\"wp-block-heading\">Spenden \/ F\u00f6rderung<\/h2>\n\n\n\n<h4 class=\"wp-block-heading\">Wir freuen uns, wenn Sie unsere Arbeit durch Ihre Spende unterst\u00fctzen.<\/h4>\n\n\n\n<p>Der gemeinn\u00fctzige Verein <a href=\"https:\/\/freunde-der-gambenmusik.de\/\" target=\"_blank\" rel=\"noopener\">Freunde der Gambenmusik e.V.<\/a> begleitet unsere Projekte seit 2019.<br>Ihre Spende an den Verein ist steuerlich abzugsf\u00e4hig.<br>Mitglieder erhalten eine exklusive Einladung zum Jahrestreffen.<br><a href=\"https:\/\/freunde-der-gambenmusik.de\/unsere-foerderung\/\" target=\"_blank\" rel=\"noopener\">https:\/\/freunde-der-gambenmusik.de\/unsere-foerderung\/<\/a><\/p>\n\n\n\n<p>2021\/ 2022 waren Les Escapades Stipendiatinnen des <a href=\"https:\/\/www.bundesregierung.de\/breg-de\/bundesregierung\/bundeskanzleramt\/staatsministerin-fuer-kultur-und-medien\" target=\"_blank\" rel=\"noopener\">Bundesministeriums f\u00fcr Kultur und Medien (BKM)<\/a> <br>im Programm <a href=\"https:\/\/neustartkultur-ensembles.musikrat.de\/ensembles\" target=\"_blank\" rel=\"noopener\">NEUSTART KUTUR<\/a><\/p>\n\n\n\n<p>Auftritte in Karlsruhe werden regelm\u00e4\u00dfig gef\u00f6rdert durch<\/p>\n\n\n\n<ul class=\"wp-block-list\">\n<li><a href=\"https:\/\/www.karlsruhe.de\/kultur-freizeit\" target=\"_blank\" rel=\"noopener\">Kulturamt der Stadt Karlsruhe<\/a><\/li>\n\n\n\n<li><a href=\"https:\/\/rp.baden-wuerttemberg.de\/themen\/\" target=\"_blank\" rel=\"noopener\">Kulturf\u00f6rderung des Landes Baden-W\u00fcrttemberg (RP-BW)<\/a><\/li>\n<\/ul>\n\n\n\n<div class=\"wp-block-columns is-layout-flex wp-container-core-columns-is-layout-28f84493 wp-block-columns-is-layout-flex\">\n<div class=\"wp-block-column is-vertically-aligned-center is-layout-flow wp-block-column-is-layout-flow\">\n<div class=\"wp-block-uagb-image uagb-block-df27cc8b wp-block-uagb-image--layout-default wp-block-uagb-image--effect-static wp-block-uagb-image--align-none\"><figure class=\"wp-block-uagb-image__figure\"><img decoding=\"async\"  sizes=\"auto, (max-width: 480px) 150px\" src=\"https:\/\/www.escapades.de\/wp-content\/uploads\/2022\/08\/Logo_FDG_schwarzi-1-200x300.jpg\" alt=\"\" width=\"200\" height=\"200\" title=\"\" loading=\"lazy\" role=\"img\"\/><\/figure><\/div>\n<\/div>\n\n\n\n<div class=\"wp-block-column is-vertically-aligned-center is-layout-flow wp-block-column-is-layout-flow\">\n<div class=\"wp-block-uagb-image uagb-block-b9cf32ac wp-block-uagb-image--layout-default wp-block-uagb-image--effect-static wp-block-uagb-image--align-none\"><figure class=\"wp-block-uagb-image__figure\"><img decoding=\"async\"  sizes=\"auto, (max-width: 480px) 150px\" src=\"https:\/\/www.escapades.de\/wp-content\/uploads\/2022\/08\/Neustart_Kultur_Wortmarke_pos_RGB-fuer-digital-1-200x300.jpg\" alt=\"\" width=\"200\" height=\"200\" title=\"\" loading=\"lazy\" role=\"img\"\/><\/figure><\/div>\n<\/div>\n\n\n\n<div class=\"wp-block-column is-vertically-aligned-center is-layout-flow wp-block-column-is-layout-flow\">\n<div class=\"wp-block-uagb-image uagb-block-33183a13 wp-block-uagb-image--layout-default wp-block-uagb-image--effect-static wp-block-uagb-image--align-none\"><figure class=\"wp-block-uagb-image__figure\"><img decoding=\"async\"  sizes=\"auto, (max-width: 480px) 150px\" src=\"https:\/\/www.escapades.de\/wp-content\/uploads\/2022\/08\/MWK_Logo_freigestellt-1-200x300.png\" alt=\"\" width=\"200\" height=\"200\" title=\"\" loading=\"lazy\" role=\"img\"\/><\/figure><\/div>\n<\/div>\n\n\n\n<div class=\"wp-block-column is-vertically-aligned-center is-layout-flow wp-block-column-is-layout-flow\">\n<div class=\"wp-block-uagb-image uagb-block-48a9c367 wp-block-uagb-image--layout-default wp-block-uagb-image--effect-static wp-block-uagb-image--align-none\"><figure class=\"wp-block-uagb-image__figure\"><img decoding=\"async\"  sizes=\"auto, (max-width: 480px) 150px\" src=\"https:\/\/www.escapades.de\/wp-content\/uploads\/2022\/08\/BKM_Logo_Farbe-1-200x300.jpg\" alt=\"\" width=\"200\" height=\"200\" title=\"\" loading=\"lazy\" role=\"img\"\/><\/figure><\/div>\n<\/div>\n\n\n\n<div class=\"wp-block-column is-vertically-aligned-center is-layout-flow wp-block-column-is-layout-flow\">\n<div class=\"wp-block-uagb-image uagb-block-63872a62 wp-block-uagb-image--layout-default wp-block-uagb-image--effect-static wp-block-uagb-image--align-none\"><figure class=\"wp-block-uagb-image__figure\"><img decoding=\"async\" srcset=\"https:\/\/www.escapades.de\/wp-content\/uploads\/2025\/04\/Init_Logo_web.jpg ,https:\/\/www.escapades.de\/wp-content\/uploads\/2025\/04\/Init_Logo_web.jpg 780w, https:\/\/www.escapades.de\/wp-content\/uploads\/2025\/04\/Init_Logo_web.jpg 360w\" sizes=\"auto, (max-width: 480px) 150px\" src=\"https:\/\/www.escapades.de\/wp-content\/uploads\/2025\/04\/Init_Logo_web.jpg\" alt=\"\" class=\"uag-image-5463\" width=\"200\" height=\"200\" title=\"Init_Logo_web\" loading=\"lazy\" role=\"img\"\/><\/figure><\/div>\n<\/div>\n<\/div>\n\n\n\n<p><br><br><br><\/p>\n","protected":false},"excerpt":{"rendered":"<p>Spenden \/ F\u00f6rderung Wir freuen uns, wenn Sie unsere Arbeit durch Ihre Spende unterst\u00fctzen. Der gemeinn\u00fctzige Verein Freunde der Gambenmusik e.V. begleitet unsere Projekte seit 2019.Ihre Spende an den Verein ist steuerlich abzugsf\u00e4hig.Mitglieder erhalten eine exklusive Einladung zum Jahrestreffen.https:\/\/freunde-der-gambenmusik.de\/unsere-foerderung\/ 2021\/ 2022 waren Les Escapades Stipendiatinnen des Bundesministeriums f\u00fcr Kultur und Medien (BKM) im Programm NEUSTART [&hellip;]<\/p>\n","protected":false},"author":1,"featured_media":0,"parent":0,"menu_order":0,"comment_status":"closed","ping_status":"closed","template":"","meta":{"_uag_custom_page_level_css":"","site-sidebar-layout":"no-sidebar","site-content-layout":"page-builder","ast-site-content-layout":"normal-width-container","site-content-style":"default","site-sidebar-style":"unboxed","ast-global-header-display":"","ast-banner-title-visibility":"","ast-main-header-display":"","ast-hfb-above-header-display":"","ast-hfb-below-header-display":"","ast-hfb-mobile-header-display":"","site-post-title":"disabled","ast-breadcrumbs-content":"","ast-featured-img":"disabled","footer-sml-layout":"","ast-disable-related-posts":"","theme-transparent-header-meta":"","adv-header-id-meta":"","stick-header-meta":"","header-above-stick-meta":"","header-main-stick-meta":"","header-below-stick-meta":"","astra-migrate-meta-layouts":"set","ast-page-background-enabled":"default","ast-page-background-meta":{"desktop":{"background-color":"var(--ast-global-color-4)","background-image":"","background-repeat":"repeat","background-position":"center center","background-size":"auto","background-attachment":"scroll","background-type":"","background-media":"","overlay-type":"","overlay-color":"","overlay-opacity":"","overlay-gradient":""},"tablet":{"background-color":"","background-image":"","background-repeat":"repeat","background-position":"center center","background-size":"auto","background-attachment":"scroll","background-type":"","background-media":"","overlay-type":"","overlay-color":"","overlay-opacity":"","overlay-gradient":""},"mobile":{"background-color":"","background-image":"","background-repeat":"repeat","background-position":"center center","background-size":"auto","background-attachment":"scroll","background-type":"","background-media":"","overlay-type":"","overlay-color":"","overlay-opacity":"","overlay-gradient":""}},"ast-content-background-meta":{"desktop":{"background-color":"var(--ast-global-color-5)","background-image":"","background-repeat":"repeat","background-position":"center center","background-size":"auto","background-attachment":"scroll","background-type":"","background-media":"","overlay-type":"","overlay-color":"","overlay-opacity":"","overlay-gradient":""},"tablet":{"background-color":"var(--ast-global-color-5)","background-image":"","background-repeat":"repeat","background-position":"center center","background-size":"auto","background-attachment":"scroll","background-type":"","background-media":"","overlay-type":"","overlay-color":"","overlay-opacity":"","overlay-gradient":""},"mobile":{"background-color":"var(--ast-global-color-5)","background-image":"","background-repeat":"repeat","background-position":"center center","background-size":"auto","background-attachment":"scroll","background-type":"","background-media":"","overlay-type":"","overlay-color":"","overlay-opacity":"","overlay-gradient":""}},"ngg_post_thumbnail":0,"_vp_format_video_url":"","_vp_image_focal_point":[],"footnotes":""},"class_list":["post-3023","page","type-page","status-publish","hentry"],"aioseo_notices":[],"uagb_featured_image_src":{"full":false,"thumbnail":false,"medium":false,"medium_large":false,"large":false,"1536x1536":false,"2048x2048":false,"trp-custom-language-flag":false,"vp_sm":false,"vp_md":false,"vp_lg":false,"vp_xl":false,"vp_sm_popup":false,"vp_md_popup":false,"vp_xl_popup":false,"bdpp-medium":false},"uagb_author_info":{"display_name":"webproofed","author_link":"https:\/\/www.escapades.de\/en\/author\/admin\/"},"uagb_comment_info":0,"uagb_excerpt":"Spenden \/ F\u00f6rderung Wir freuen uns, wenn Sie unsere Arbeit durch Ihre Spende unterst\u00fctzen. Der gemeinn\u00fctzige Verein Freunde der Gambenmusik e.V. begleitet unsere Projekte seit 2019.Ihre Spende an den Verein ist steuerlich abzugsf\u00e4hig.Mitglieder erhalten eine exklusive Einladung zum Jahrestreffen.https:\/\/freunde-der-gambenmusik.de\/unsere-foerderung\/ 2021\/ 2022 waren Les Escapades Stipendiatinnen des Bundesministeriums f\u00fcr Kultur und Medien (BKM) im Programm NEUSTART&hellip;","_links":{"self":[{"href":"https:\/\/www.escapades.de\/en\/wp-json\/wp\/v2\/pages\/3023","targetHints":{"allow":["GET"]}}],"collection":[{"href":"https:\/\/www.escapades.de\/en\/wp-json\/wp\/v2\/pages"}],"about":[{"href":"https:\/\/www.escapades.de\/en\/wp-json\/wp\/v2\/types\/page"}],"author":[{"embeddable":true,"href":"https:\/\/www.escapades.de\/en\/wp-json\/wp\/v2\/users\/1"}],"replies":[{"embeddable":true,"href":"https:\/\/www.escapades.de\/en\/wp-json\/wp\/v2\/comments?post=3023"}],"version-history":[{"count":1,"href":"https:\/\/www.escapades.de\/en\/wp-json\/wp\/v2\/pages\/3023\/revisions"}],"predecessor-version":[{"id":5833,"href":"https:\/\/www.escapades.de\/en\/wp-json\/wp\/v2\/pages\/3023\/revisions\/5833"}],"wp:attachment":[{"href":"https:\/\/www.escapades.de\/en\/wp-json\/wp\/v2\/media?parent=3023"}],"curies":[{"name":"wp","href":"https:\/\/api.w.org\/{rel}","templated":true}]}}