{"id":4124,"date":"2022-09-22T09:02:49","date_gmt":"2022-09-22T09:02:49","guid":{"rendered":"http:\/\/2022.escapades.de\/?page_id=4124"},"modified":"2022-12-01T15:44:45","modified_gmt":"2022-12-01T15:44:45","slug":"konzerttermine-2020","status":"publish","type":"page","link":"https:\/\/www.escapades.de\/en\/konzertarchiv\/konzerttermine-2020\/","title":{"rendered":"Concert dates 2020"},"content":{"rendered":"<p><strong>Friday, 10 January 2020, 7.00 p.m.<\/strong><br>D- 70173 Stuttgart, Stiftskirche, Stiftsstra\u00dfe 12<br>\"Of pure grace and goodness\"<br>with Daniel Schreiber, tenor<br>Texts: Monika Renninger<br><a href=\"https:\/\/www.stiftsmusik-stuttgart.de\/produktionen\/daniel-schreiber-les-escapades.html?ID_Vorstellung=796&amp;m=404\">\"Hour of Church Music<\/a><\/p>\n\n\n\n<p><strong>Sunday, 16 February 2020, 5.00 p.m.<br><\/strong>D- 72654 Neckartenzlingen, Melchiorfesthalle, Metzingerstra\u00dfe 10<br>\"European Music of the Renaissance<br><a href=\"http:\/\/kulturring-neckartenzlingen.de\/\">Cultural Ring Neckartenzlingen<\/a><\/p>\n\n\n\n<p><del><strong>March and April 2020<\/strong><\/del><br><del>State Opera Stuttgart, participation in the opera production<\/del><br><del>\"Juditha triumphans\" (Antonio Vivaldi)<\/del><br><del>Premiere: 22.03.2020<\/del><br><del><a href=\"https:\/\/www.staatsoper-stuttgart.de\/spielplan\/a-z\/juditha-triumphans\/\">Info<\/a> (further dates, tickets, official site of the Stattsoper Stuttgart)<br><\/del><em><strong>due to the measures taken to contain the Corona virus infection.<br>all performances from 11 March to 19 April were cancelled<\/strong><\/em><\/p>\n\n\n\n<p><del><strong>Sunday, 19 April 2020, 4.30 pm<\/strong><\/del><br><del>CH- 1700 Fribourg, Eglise des Capucines, Rue de Morat<\/del><br><del>\"Have your pleasure in the Lord\" Rosenm\u00fcller et.al.<\/del><br><del>with Miriam Feuersinger, soprano<\/del><br><del>and guests<\/del><br><del>RTS ( Radio T\u00e9l\u00e9vision Suisse)<\/del><br><del><a href=\"https:\/\/www.adma.ch\/\">Info<\/a><br><\/del><em><strong>due to the measures taken to contain the Corona virus infection.<br>this concert was cancelled by the organiser<\/strong><\/em><\/p>\n\n\n\n<p><del><strong>Sunday, 10 May 2020, 6.00 p.m.<\/strong><\/del><br><del>D- 76135 Karlsruhe, Stephanienbad, Breite Stra\u00dfe 49<\/del><br><del>within the framework of the \"European Days of Culture<\/del><br><del>\"Catchy Tunes of Europe<\/del><br><del>with Monika Mauch, soprano and Andrea C. Baur, lute<br><\/del><em><strong>the European Days of Culture were cancelled<\/strong><\/em><\/p>\n\n\n\n<p><del><strong>Saturday, 23 May 2020, 8.00 p.m.<\/strong><\/del><br><del>D- 86926 Greifenberg, Bergstra\u00dfe 6<\/del><br><del>Greifenberg Institute for the Study of Musical Instruments<\/del><br><del>\"Catchy tunes\"<\/del><br><em>cancelled, alternative date 2021<br><\/em><\/p>\n\n\n\n<p><del><strong>Sunday, 24 May 2020, 4.30 pm<\/strong><\/del><br><del>D-90402 Nuremberg, St. Elisabeth, Jakobsplatz 7<\/del><br><del>\"Catchy tunes\"<br><\/del><em>cancelled, alternative date 2021<br><\/em><\/p>\n\n\n\n<p><strong>Sunday, 28 June 2020, 3.00 p.m. and 6.00 p.m.<\/strong><br>D- 76133 Karlsruhe, Old Catholic Church, R\u00f6ntgenstra\u00dfe 1<br>\"tears of the muses\"<br>5-part English consort music of the 16th\/17th century<br>Les Escapades and Laura Frey<br>Please note: due to Corona hygiene measures, the number of seats is limited.<br>Therefore, there is an additional appointment at 3.00 pm.<br>For both concerts, registration is required via our <a href=\"https:\/\/www.escapades.de\/en\/kontakt\/\">Contact address<\/a> desired.<\/p>\n\n\n\n<p><del><strong>Sunday, 4 July 2020, 8.00 pm<\/strong><\/del><br><del>D- 93194 Walderbach, Am Pr\u00e4latengarten 2-4<\/del><br><del>Festival Hall Walderbach Monastery\/ Cham<\/del><br><del>\u00e2Flores espa\u00c3\u00b1olas\u00e2<\/del><br><del>with Maria Ferr\u00c3\u00a9, guitar<br><\/del><em>cancelled, alternative date 2021 follows<\/em><\/p>\n\n\n\n<p><del><strong>Tuesday, 7 July 2020<br><\/strong>D- 531134 Bonn, Kreuzkirche, Kaiserplatz<\/del><br><del>\u00e2Flores espa\u00c3\u00b1olas\u00e2<\/del><br><del>with Stefan Horz, organ<\/del><br><del><a href=\"http:\/\/www.kreuzkirche-bonn.de\/musik\/termine\/termine\/?tx_cal_controller%5Bview%5D=event&amp;tx_cal_controller%5Btype%5D=tx_cal_phpicalendar&amp;tx_cal_controller%5Buid%5D=384&amp;tx_cal_controller%5Blastview%5D=view-month%7Cpage_id-34&amp;tx_cal_controller%5Byear%5D=2020&amp;tx_cal_controller%5Bmonth%5D=07&amp;tx_cal_controller%5Bday%5D=07&amp;cHash=467aef041c94c35ed171f13f1a8ed9c4\">Kreuzkirche Bonn<\/a><br><\/del><em>cancelled, alternative date 2021 follows<\/em><br><\/p>\n\n\n\n<p><strong>Sunday, 13 September 2020, 6.00 p.m.<\/strong><br>D- 76829 Landau\/Pfalz, Collegiate Church, Marktstra\u00c3e 97<br>\u00e2Of pure grace and goodness\u00e2<br>with Daniel Schreiber, tenor<br><em>Advance ticket sales via the parish office of the Collegiate Church from 24 August<\/em><br><em>and from the Engel-Apotheke, Marktstra\u00c3e 90, Tel: 06341 86661<\/em><br><em><a href=\"http:\/\/www.stiftskirchenmusik-landau.de\/\">Info<\/a><\/em><\/p>\n\n\n\n<p><strong>Sunday, 27 September 2020, 6.00 p.m.<br><\/strong>D- 76227 Karlsruhe\/ Durlach,<br>Protestant City Church, Pfinztalstra\u00c3e 31<br>\u00e2I will praise the Lord always\u00e2<br>Spiritual concerts by Georg Christoph Strattner<br><em>with Miriam Feuersinger and Monika Mauch, soprano;<\/em><br><em>Alexander Schneider, alto; Daniel Schreiber, tenor;<\/em><br><em>Markus Flaig, bass<\/em><\/p>\n\n\n\n<p><strong>Sunday, 4 October 2020, 7.00 p.m.<br><\/strong>D-76135 Karlsruhe, St. Boniface Church, Sophienstra\u00c3e 127<br>\u00e2I praise my God\u00e2<br>KlangRaum-RaumKlang<br>with CantiKA nova, cond. Stefan Fritz<br>Viadana (Mass), Legrenzi, Schop a.o.<\/p>\n\n\n\n<p><del><strong>Saturday, 21 November 2020, 7.00 p.m.<\/strong><\/del><br><del>D- 70469 Stuttgart-Feuerbach, ev. city church St. Mauritius, Walterstra\u00c3e 11<\/del><br><del>\u00e2The Passion of Music\u00e2<\/del><br><strong><em>cancelled<\/em><\/strong><\/p>\n\n\n\n<p><del><strong>Sunday, 22 November 2020, 6.30 pm<br><\/strong>D-76593 Gernsbach, Obertsroter Str. 5, Kirchl<\/del><br><del>\u00e2Fabulous London\u00e2 \u00e2 Gibbons, Simpson, Byrd et.al.<\/del><br><del><a href=\"https:\/\/www.kammermusik-im-kirchl.de\/tickets\/anfahrt\/\">Chamber music in the Kirchl<\/a><\/del><br><del><strong><em>Alternate date: 13 December 2020, if possible<br><\/em><\/strong><\/del><strong><em>with the renewed lockdown announced on 25.11.2020, this concert is also cancelled<\/em><\/strong><\/p>","protected":false},"excerpt":{"rendered":"<p>Freitag, 10. Januar 2020, 19.00 UhrD- 70173 Stuttgart, Stiftskirche, Stiftsstra\u00dfe 12\u201eVon lauter Gnad\u2018 und G\u00fcte\u201cmit Daniel Schreiber, TenorTexte: Monika Renninger\u201eStunde der Kirchenmusik\u201c Sonntag, 16. Februar 2020, 17.00 UhrD- 72654 Neckartenzlingen, Melchiorfesthalle, Metzingerstra\u00dfe 10\u201eEurop\u00e4ische Musik der Renaissance\u201cKulturring Neckartenzlingen M\u00e4rz und April 2020Staatsoper Stuttgart, Mitwirkung bei der Opernproduktion\u201eJuditha triumphans\u201c (Antonio Vivaldi)Premiere: 22.03.2020Infos (weitere Termine, Karten, offizielle Seite [&hellip;]<\/p>\n","protected":false},"author":1,"featured_media":0,"parent":4144,"menu_order":0,"comment_status":"closed","ping_status":"closed","template":"","meta":{"_uag_custom_page_level_css":"","site-sidebar-layout":"default","site-content-layout":"","ast-site-content-layout":"default","site-content-style":"default","site-sidebar-style":"default","ast-global-header-display":"","ast-banner-title-visibility":"","ast-main-header-display":"","ast-hfb-above-header-display":"","ast-hfb-below-header-display":"","ast-hfb-mobile-header-display":"","site-post-title":"","ast-breadcrumbs-content":"","ast-featured-img":"","footer-sml-layout":"","ast-disable-related-posts":"","theme-transparent-header-meta":"","adv-header-id-meta":"","stick-header-meta":"","header-above-stick-meta":"","header-main-stick-meta":"","header-below-stick-meta":"","astra-migrate-meta-layouts":"default","ast-page-background-enabled":"default","ast-page-background-meta":{"desktop":{"background-color":"var(--ast-global-color-4)","background-image":"","background-repeat":"repeat","background-position":"center center","background-size":"auto","background-attachment":"scroll","background-type":"","background-media":"","overlay-type":"","overlay-color":"","overlay-opacity":"","overlay-gradient":""},"tablet":{"background-color":"","background-image":"","background-repeat":"repeat","background-position":"center center","background-size":"auto","background-attachment":"scroll","background-type":"","background-media":"","overlay-type":"","overlay-color":"","overlay-opacity":"","overlay-gradient":""},"mobile":{"background-color":"","background-image":"","background-repeat":"repeat","background-position":"center center","background-size":"auto","background-attachment":"scroll","background-type":"","background-media":"","overlay-type":"","overlay-color":"","overlay-opacity":"","overlay-gradient":""}},"ast-content-background-meta":{"desktop":{"background-color":"var(--ast-global-color-5)","background-image":"","background-repeat":"repeat","background-position":"center center","background-size":"auto","background-attachment":"scroll","background-type":"","background-media":"","overlay-type":"","overlay-color":"","overlay-opacity":"","overlay-gradient":""},"tablet":{"background-color":"var(--ast-global-color-5)","background-image":"","background-repeat":"repeat","background-position":"center center","background-size":"auto","background-attachment":"scroll","background-type":"","background-media":"","overlay-type":"","overlay-color":"","overlay-opacity":"","overlay-gradient":""},"mobile":{"background-color":"var(--ast-global-color-5)","background-image":"","background-repeat":"repeat","background-position":"center center","background-size":"auto","background-attachment":"scroll","background-type":"","background-media":"","overlay-type":"","overlay-color":"","overlay-opacity":"","overlay-gradient":""}},"ngg_post_thumbnail":0,"_vp_format_video_url":"","_vp_image_focal_point":[],"footnotes":""},"class_list":["post-4124","page","type-page","status-publish","hentry"],"aioseo_notices":[],"uagb_featured_image_src":{"full":false,"thumbnail":false,"medium":false,"medium_large":false,"large":false,"1536x1536":false,"2048x2048":false,"trp-custom-language-flag":false,"vp_sm":false,"vp_md":false,"vp_lg":false,"vp_xl":false,"vp_sm_popup":false,"vp_md_popup":false,"vp_xl_popup":false,"bdpp-medium":false},"uagb_author_info":{"display_name":"webproofed","author_link":"https:\/\/www.escapades.de\/en\/author\/admin\/"},"uagb_comment_info":0,"uagb_excerpt":"Freitag, 10. Januar 2020, 19.00 UhrD- 70173 Stuttgart, Stiftskirche, Stiftsstra\u00dfe 12\u201eVon lauter Gnad\u2018 und G\u00fcte\u201cmit Daniel Schreiber, TenorTexte: Monika Renninger\u201eStunde der Kirchenmusik\u201c Sonntag, 16. Februar 2020, 17.00 UhrD- 72654 Neckartenzlingen, Melchiorfesthalle, Metzingerstra\u00dfe 10\u201eEurop\u00e4ische Musik der Renaissance\u201cKulturring Neckartenzlingen M\u00e4rz und April 2020Staatsoper Stuttgart, Mitwirkung bei der Opernproduktion\u201eJuditha triumphans\u201c (Antonio Vivaldi)Premiere: 22.03.2020Infos (weitere Termine, Karten, offizielle Seite&hellip;","_links":{"self":[{"href":"https:\/\/www.escapades.de\/en\/wp-json\/wp\/v2\/pages\/4124","targetHints":{"allow":["GET"]}}],"collection":[{"href":"https:\/\/www.escapades.de\/en\/wp-json\/wp\/v2\/pages"}],"about":[{"href":"https:\/\/www.escapades.de\/en\/wp-json\/wp\/v2\/types\/page"}],"author":[{"embeddable":true,"href":"https:\/\/www.escapades.de\/en\/wp-json\/wp\/v2\/users\/1"}],"replies":[{"embeddable":true,"href":"https:\/\/www.escapades.de\/en\/wp-json\/wp\/v2\/comments?post=4124"}],"version-history":[{"count":0,"href":"https:\/\/www.escapades.de\/en\/wp-json\/wp\/v2\/pages\/4124\/revisions"}],"up":[{"embeddable":true,"href":"https:\/\/www.escapades.de\/en\/wp-json\/wp\/v2\/pages\/4144"}],"wp:attachment":[{"href":"https:\/\/www.escapades.de\/en\/wp-json\/wp\/v2\/media?parent=4124"}],"curies":[{"name":"wp","href":"https:\/\/api.w.org\/{rel}","templated":true}]}}