{"id":4132,"date":"2022-09-22T09:07:30","date_gmt":"2022-09-22T09:07:30","guid":{"rendered":"http:\/\/2022.escapades.de\/?page_id=4132"},"modified":"2022-12-01T15:44:45","modified_gmt":"2022-12-01T15:44:45","slug":"konzerttermine-2016","status":"publish","type":"page","link":"https:\/\/www.escapades.de\/en\/konzertarchiv\/konzerttermine-2016\/","title":{"rendered":"Concert dates 2016"},"content":{"rendered":"<p><strong>27 February 2016<\/strong><strong>, 8:00 pm<\/strong><br>72070 T\u00fcbingen<br>Collegiate Church of St. George<br>\"Discovered Sounds<br>Spanish music for viol consort and organ<br>Jens Wollenschl\u00e4ger, organ<br>(T\u00fcbingen Motet)<br><\/p>\n\n\n\n<p><strong>20 March 2016, 7:00 pm<br><\/strong>69412 Eberbach\/Neckar Protestant Church<br>Dietrich Buxtehude: \"Membra Jesu nostri\"<br>Conductor KMD Achim Plagge<\/p>\n\n\n\n<p><strong>23 September 2016, 20:00<br><\/strong>90402 Nuremberg, Jakobsplatz<br>Nuremberg Church Music Days, St. Elisabeth<br>\"Discovered Sounds<br>Dr Sonja Mayer, organ<\/p>\n\n\n\n<p><strong>24 September 2016, 20:00<br><\/strong>86926 Greifenberg, Bergstr. 6<br>Greifenberg Institute for the Study of Musical Instruments<br>\"Discovered Sounds<\/p>\n\n\n\n<p><strong>25 September 2016, 5:00 pm<br><\/strong>70197 Stuttgart, Solitude Castle Church<br><a href=\"http:\/\/solitude-soiree.de\/kalender.htm#09\">Solitude Soiree<\/a><br>\"Discovered Sounds<br>Martin Tiemann, organ<\/p>\n\n\n\n<p><strong>7 October 2016, 7:30 pm<br><\/strong>76199 Karlsruhe, Tauberstra\u00dfe<br>Peace Church<br>\"Early Music Fanned Out<br>Special concert for our fans<\/p>\n\n\n\n<p><strong>8 October 2016, 20:00<br><\/strong>56564 Neuwied, Reckstr. 43<br>St. Cross Church<br>\"Discovered Sounds<br>Thomas Sorger, organ<\/p>\n\n\n\n<p><strong>11 December 2016, 6:00 pm<br><\/strong>76133 Karlsruhe, Riefstahlstra\u00dfe 2<br><a href=\"http:\/\/www.christuskirche-musik.de\/de\/veranstaltungen\/termine\/5572771370.php\">Christ Church<\/a><br>\"My heart is ready!\" -choral concert as<br>Early Baroque Advent Vespers<br>Johann Rosenm\u00fcller: Magnificat; Heinrich Sch\u00fctz: Our Father a.o.<br>Les Escapades<br>with Gundula Jaene and Steffen Hamm, baroque violin<br>Thorsten Bleich, lute<br>Slobodan Jovanovic, chest organ<\/p>","protected":false},"excerpt":{"rendered":"<p>27. Februar 2016, 20:00 Uhr72070 T\u00fcbingenStiftskirche St. Georg\u201eDiscovered Sounds\u201cSpanische Musik f\u00fcr Gambenconsort und OrgelJens Wollenschl\u00e4ger, Orgel(T\u00fcbinger Motette) 20. M\u00e4rz 2016, 19:00 Uhr69412 Eberbach\/Neckar evangelische KircheDietrich Buxtehude: \u201eMembra Jesu nostri\u201cLtg. KMD Achim Plagge 23. September 2016, 20:00 Uhr90402 N\u00fcrnberg, JakobsplatzN\u00fcrnberger Kirchenmusiktage, St. Elisabeth\u201eDiscovered Sounds\u201cDr. Sonja Mayer, Orgel 24. September 2016, 20:00 Uhr86926 Greifenberg, Bergstr. 6Greifenberger Institut [&hellip;]<\/p>\n","protected":false},"author":1,"featured_media":0,"parent":4144,"menu_order":0,"comment_status":"closed","ping_status":"closed","template":"","meta":{"_uag_custom_page_level_css":"","site-sidebar-layout":"default","site-content-layout":"","ast-site-content-layout":"default","site-content-style":"default","site-sidebar-style":"default","ast-global-header-display":"","ast-banner-title-visibility":"","ast-main-header-display":"","ast-hfb-above-header-display":"","ast-hfb-below-header-display":"","ast-hfb-mobile-header-display":"","site-post-title":"","ast-breadcrumbs-content":"","ast-featured-img":"","footer-sml-layout":"","ast-disable-related-posts":"","theme-transparent-header-meta":"","adv-header-id-meta":"","stick-header-meta":"","header-above-stick-meta":"","header-main-stick-meta":"","header-below-stick-meta":"","astra-migrate-meta-layouts":"default","ast-page-background-enabled":"default","ast-page-background-meta":{"desktop":{"background-color":"var(--ast-global-color-4)","background-image":"","background-repeat":"repeat","background-position":"center center","background-size":"auto","background-attachment":"scroll","background-type":"","background-media":"","overlay-type":"","overlay-color":"","overlay-opacity":"","overlay-gradient":""},"tablet":{"background-color":"","background-image":"","background-repeat":"repeat","background-position":"center center","background-size":"auto","background-attachment":"scroll","background-type":"","background-media":"","overlay-type":"","overlay-color":"","overlay-opacity":"","overlay-gradient":""},"mobile":{"background-color":"","background-image":"","background-repeat":"repeat","background-position":"center center","background-size":"auto","background-attachment":"scroll","background-type":"","background-media":"","overlay-type":"","overlay-color":"","overlay-opacity":"","overlay-gradient":""}},"ast-content-background-meta":{"desktop":{"background-color":"var(--ast-global-color-5)","background-image":"","background-repeat":"repeat","background-position":"center center","background-size":"auto","background-attachment":"scroll","background-type":"","background-media":"","overlay-type":"","overlay-color":"","overlay-opacity":"","overlay-gradient":""},"tablet":{"background-color":"var(--ast-global-color-5)","background-image":"","background-repeat":"repeat","background-position":"center center","background-size":"auto","background-attachment":"scroll","background-type":"","background-media":"","overlay-type":"","overlay-color":"","overlay-opacity":"","overlay-gradient":""},"mobile":{"background-color":"var(--ast-global-color-5)","background-image":"","background-repeat":"repeat","background-position":"center center","background-size":"auto","background-attachment":"scroll","background-type":"","background-media":"","overlay-type":"","overlay-color":"","overlay-opacity":"","overlay-gradient":""}},"ngg_post_thumbnail":0,"_vp_format_video_url":"","_vp_image_focal_point":[],"footnotes":""},"class_list":["post-4132","page","type-page","status-publish","hentry"],"aioseo_notices":[],"uagb_featured_image_src":{"full":false,"thumbnail":false,"medium":false,"medium_large":false,"large":false,"1536x1536":false,"2048x2048":false,"trp-custom-language-flag":false,"vp_sm":false,"vp_md":false,"vp_lg":false,"vp_xl":false,"vp_sm_popup":false,"vp_md_popup":false,"vp_xl_popup":false,"bdpp-medium":false},"uagb_author_info":{"display_name":"webproofed","author_link":"https:\/\/www.escapades.de\/en\/author\/admin\/"},"uagb_comment_info":0,"uagb_excerpt":"27. Februar 2016, 20:00 Uhr72070 T\u00fcbingenStiftskirche St. Georg\u201eDiscovered Sounds\u201cSpanische Musik f\u00fcr Gambenconsort und OrgelJens Wollenschl\u00e4ger, Orgel(T\u00fcbinger Motette) 20. M\u00e4rz 2016, 19:00 Uhr69412 Eberbach\/Neckar evangelische KircheDietrich Buxtehude: \u201eMembra Jesu nostri\u201cLtg. KMD Achim Plagge 23. September 2016, 20:00 Uhr90402 N\u00fcrnberg, JakobsplatzN\u00fcrnberger Kirchenmusiktage, St. Elisabeth\u201eDiscovered Sounds\u201cDr. Sonja Mayer, Orgel 24. September 2016, 20:00 Uhr86926 Greifenberg, Bergstr. 6Greifenberger Institut&hellip;","_links":{"self":[{"href":"https:\/\/www.escapades.de\/en\/wp-json\/wp\/v2\/pages\/4132","targetHints":{"allow":["GET"]}}],"collection":[{"href":"https:\/\/www.escapades.de\/en\/wp-json\/wp\/v2\/pages"}],"about":[{"href":"https:\/\/www.escapades.de\/en\/wp-json\/wp\/v2\/types\/page"}],"author":[{"embeddable":true,"href":"https:\/\/www.escapades.de\/en\/wp-json\/wp\/v2\/users\/1"}],"replies":[{"embeddable":true,"href":"https:\/\/www.escapades.de\/en\/wp-json\/wp\/v2\/comments?post=4132"}],"version-history":[{"count":0,"href":"https:\/\/www.escapades.de\/en\/wp-json\/wp\/v2\/pages\/4132\/revisions"}],"up":[{"embeddable":true,"href":"https:\/\/www.escapades.de\/en\/wp-json\/wp\/v2\/pages\/4144"}],"wp:attachment":[{"href":"https:\/\/www.escapades.de\/en\/wp-json\/wp\/v2\/media?parent=4132"}],"curies":[{"name":"wp","href":"https:\/\/api.w.org\/{rel}","templated":true}]}}