{"id":4134,"date":"2022-09-22T09:09:08","date_gmt":"2022-09-22T09:09:08","guid":{"rendered":"http:\/\/2022.escapades.de\/?page_id=4134"},"modified":"2022-12-01T15:44:45","modified_gmt":"2022-12-01T15:44:45","slug":"konzerttermine-2017","status":"publish","type":"page","link":"https:\/\/www.escapades.de\/en\/konzertarchiv\/konzerttermine-2017\/","title":{"rendered":"Concert dates 2017"},"content":{"rendered":"<p><strong>15 - 17 February 2017<\/strong> CD recording<\/p>\n\n\n\n<p><strong>19 March 2017, 5:00 pm<\/strong><br>72116 M\u00f6ssingen, Brunnenstra\u00dfe 3<br>Peter and Paul Church<br>\"Von lauter Gnad und G\u00fcte\" - Music and texts on the Gospel by Dr Martin Luther<br>with Martin Erhard, tenor<\/p>\n\n\n\n<p><strong>21 May 2017, 5:00 pm<\/strong><br>67435 Neustadt an der Weinstra\u00dfe-Mu\u00dfbach, An der Eselshaut 18<br><a href=\"http:\/\/www.herrenhof-mussbach.de\/index.php\/events\/icalrepeat.detail\/2017\/05\/21\/1055\/-\/parkvillakonzert\">Park Villa Concert at the Herrenhof<\/a><br>\"Discovered Sounds<\/p>\n\n\n\n<p><strong>1 July 2017, 6:30 pm<\/strong><br>97990 Weikersheim, Marktplatz 11, Orangerie on the right<br>Hohenloher Kultursommer - Selection Concert<br>\"Les Escapades du Roi - Royal Escapades\"<br>with Katja Schild, conception, recitation and singing<br><a href=\"http:\/\/hohenloher-kultursommer.de\/index.php?id=20&amp;no_cache=1\">Maps<\/a><\/p>\n\n\n\n<p><strong>8 October 2017, 10:00<br><\/strong>76185 Karlsruhe, Riefstahlstr. 2<br>Christ Church<br>Music for the Reformation in worship<\/p>\n\n\n\n<p><strong>16 - 19 October 2017<\/strong>&nbsp; CD recording<\/p>\n\n\n\n<p><strong>17 November 2017, 20:00<br><\/strong>76199 Karlsruhe, Lange Str. 26<br>Church of the Resurrection<br>\"Von lauter Gnad und G\u00fcte\" - Music and texts on the Reformation<br>with Dietrich Wrase, tenor<\/p>\n\n\n\n<p><strong>18 November 2017, 6:00 pm<\/strong><br>74072 Heilbronn, Kaiserstr. 38<br>Kilianskirche, Hour of Church Music<br>\"Von lauter Gnad und G\u00fcte\" - Music and texts on the Reformation<br>with Dietrich Wrase, tenor<\/p>\n\n\n\n<p><strong>3 December 2017, 16:00<br><\/strong>77723 Gengenbach, Leutkirchstra\u00dfe 36<br>St. Martin's Catholic Church<br>\"That all the world may wonder\" - songs for Advent<br>with Miriam Feuersinger, soprano<br><a href=\"http:\/\/bz-ticket.de\/kath-kirche-st-martin-gengenbach\">Info+Tickets<\/a><\/p>","protected":false},"excerpt":{"rendered":"<p>15. \u2013 17. Februar 2017 CD-Aufnahme 19. M\u00e4rz 2017, 17:00 Uhr72116 M\u00f6ssingen, Brunnenstra\u00dfe 3Peter und Paulskirche\u201eVon lauter Gnad und G\u00fcte\u201c \u2013 Musik und Texte zum Evangelium von Dr. Martin Luthermit Martin Erhard, Tenor 21. Mai 2017, 17:00 Uhr67435 Neustadt an der Weinstra\u00dfe-Mu\u00dfbach, An der Eselshaut 18Parkvillakonzert im Herrenhof\u201eDiscovered Sounds\u201c 1. Juli 2017, 18:30 Uhr97990 Weikersheim, [&hellip;]<\/p>\n","protected":false},"author":1,"featured_media":0,"parent":4144,"menu_order":0,"comment_status":"closed","ping_status":"closed","template":"","meta":{"_uag_custom_page_level_css":"","site-sidebar-layout":"default","site-content-layout":"","ast-site-content-layout":"default","site-content-style":"default","site-sidebar-style":"default","ast-global-header-display":"","ast-banner-title-visibility":"","ast-main-header-display":"","ast-hfb-above-header-display":"","ast-hfb-below-header-display":"","ast-hfb-mobile-header-display":"","site-post-title":"","ast-breadcrumbs-content":"","ast-featured-img":"","footer-sml-layout":"","ast-disable-related-posts":"","theme-transparent-header-meta":"","adv-header-id-meta":"","stick-header-meta":"","header-above-stick-meta":"","header-main-stick-meta":"","header-below-stick-meta":"","astra-migrate-meta-layouts":"default","ast-page-background-enabled":"default","ast-page-background-meta":{"desktop":{"background-color":"var(--ast-global-color-4)","background-image":"","background-repeat":"repeat","background-position":"center center","background-size":"auto","background-attachment":"scroll","background-type":"","background-media":"","overlay-type":"","overlay-color":"","overlay-opacity":"","overlay-gradient":""},"tablet":{"background-color":"","background-image":"","background-repeat":"repeat","background-position":"center center","background-size":"auto","background-attachment":"scroll","background-type":"","background-media":"","overlay-type":"","overlay-color":"","overlay-opacity":"","overlay-gradient":""},"mobile":{"background-color":"","background-image":"","background-repeat":"repeat","background-position":"center center","background-size":"auto","background-attachment":"scroll","background-type":"","background-media":"","overlay-type":"","overlay-color":"","overlay-opacity":"","overlay-gradient":""}},"ast-content-background-meta":{"desktop":{"background-color":"var(--ast-global-color-5)","background-image":"","background-repeat":"repeat","background-position":"center center","background-size":"auto","background-attachment":"scroll","background-type":"","background-media":"","overlay-type":"","overlay-color":"","overlay-opacity":"","overlay-gradient":""},"tablet":{"background-color":"var(--ast-global-color-5)","background-image":"","background-repeat":"repeat","background-position":"center center","background-size":"auto","background-attachment":"scroll","background-type":"","background-media":"","overlay-type":"","overlay-color":"","overlay-opacity":"","overlay-gradient":""},"mobile":{"background-color":"var(--ast-global-color-5)","background-image":"","background-repeat":"repeat","background-position":"center center","background-size":"auto","background-attachment":"scroll","background-type":"","background-media":"","overlay-type":"","overlay-color":"","overlay-opacity":"","overlay-gradient":""}},"ngg_post_thumbnail":0,"_vp_format_video_url":"","_vp_image_focal_point":[],"footnotes":""},"class_list":["post-4134","page","type-page","status-publish","hentry"],"aioseo_notices":[],"uagb_featured_image_src":{"full":false,"thumbnail":false,"medium":false,"medium_large":false,"large":false,"1536x1536":false,"2048x2048":false,"trp-custom-language-flag":false,"vp_sm":false,"vp_md":false,"vp_lg":false,"vp_xl":false,"vp_sm_popup":false,"vp_md_popup":false,"vp_xl_popup":false,"bdpp-medium":false},"uagb_author_info":{"display_name":"webproofed","author_link":"https:\/\/www.escapades.de\/en\/author\/admin\/"},"uagb_comment_info":0,"uagb_excerpt":"15. \u2013 17. Februar 2017 CD-Aufnahme 19. M\u00e4rz 2017, 17:00 Uhr72116 M\u00f6ssingen, Brunnenstra\u00dfe 3Peter und Paulskirche\u201eVon lauter Gnad und G\u00fcte\u201c \u2013 Musik und Texte zum Evangelium von Dr. Martin Luthermit Martin Erhard, Tenor 21. Mai 2017, 17:00 Uhr67435 Neustadt an der Weinstra\u00dfe-Mu\u00dfbach, An der Eselshaut 18Parkvillakonzert im Herrenhof\u201eDiscovered Sounds\u201c 1. Juli 2017, 18:30 Uhr97990 Weikersheim,&hellip;","_links":{"self":[{"href":"https:\/\/www.escapades.de\/en\/wp-json\/wp\/v2\/pages\/4134","targetHints":{"allow":["GET"]}}],"collection":[{"href":"https:\/\/www.escapades.de\/en\/wp-json\/wp\/v2\/pages"}],"about":[{"href":"https:\/\/www.escapades.de\/en\/wp-json\/wp\/v2\/types\/page"}],"author":[{"embeddable":true,"href":"https:\/\/www.escapades.de\/en\/wp-json\/wp\/v2\/users\/1"}],"replies":[{"embeddable":true,"href":"https:\/\/www.escapades.de\/en\/wp-json\/wp\/v2\/comments?post=4134"}],"version-history":[{"count":0,"href":"https:\/\/www.escapades.de\/en\/wp-json\/wp\/v2\/pages\/4134\/revisions"}],"up":[{"embeddable":true,"href":"https:\/\/www.escapades.de\/en\/wp-json\/wp\/v2\/pages\/4144"}],"wp:attachment":[{"href":"https:\/\/www.escapades.de\/en\/wp-json\/wp\/v2\/media?parent=4134"}],"curies":[{"name":"wp","href":"https:\/\/api.w.org\/{rel}","templated":true}]}}