{"id":4136,"date":"2022-09-22T09:09:35","date_gmt":"2022-09-22T09:09:35","guid":{"rendered":"http:\/\/2022.escapades.de\/?page_id=4136"},"modified":"2022-12-01T15:44:45","modified_gmt":"2022-12-01T15:44:45","slug":"konzerttermine-2018","status":"publish","type":"page","link":"https:\/\/www.escapades.de\/en\/konzertarchiv\/konzerttermine-2018\/","title":{"rendered":"Concert dates 2018"},"content":{"rendered":"<p><strong>11 March 2018, 6 p.m.<\/strong><br>97070 W\u00c3\u00bcrzburg, Zwinger 3C<br>Church of St. Stephen<br>Heinrich Sch\u00c3\u00bctz \u00e2The Seven Words of Jesus on the Cross\u00e2<br>Georg Friedrich H\u00c3\u00a4ndel \u00e2Dixit Dominus\u00e2<br>Conductor KMD Christian Heidecker<br><a href=\"http:\/\/wuerzburg-ststephan.de\/wp-content\/uploads\/2017\/12\/Jahresprogramm2018-2.pdf\">more info<\/a><\/p>\n\n\n\n<p><strong>Sunday, 10 June 2018, 5:00 pm<\/strong><br>S \u00e2 Stockholm, Finnish Church<br>\u00e2Catchy tunes\u00e2 \u00e2 in variations for viol consort<\/p>\n\n\n\n<p><strong>Friday, 29 June 2018, 8:00 pm<\/strong><br>76133 Karlsruhe, R\u00c3\u00b6ntgenstra\u00c3e 1<br>Old Catholic Church of Christ Resurrection<br>Have your pleasure in the Lord \u00e2 CD release<br>with Miriam Feuersinger, soprano<br>and guests<br>Psalm settings in world premiere recordings<br>by Rosenm\u00c3\u00bcller, Strattner, Pfleger, Erben et al.<\/p>\n\n\n\n<p><strong>Thursday, 26 July 2018, 7.00 pm<br><\/strong>91650 Heilsbronn<br>Sacred music in Heilsbronn Cathedral<\/p>\n\n\n\n<p><strong>Thursday, 1 November 2018, 8:00 pm<\/strong><br>31134 Hildesheim, St. Michael, Michaelisplatz 2<br>\u00e2Von lauter Gnad und G\u00c3\u00bcte\u00e2 \u00e2 Songs and texts to the Gospel<br>Daniel Schreiber, Tenor<br><a href=\"http:\/\/www.michaeliskloster.de\/alle_termine\/allet\/inhalts?id=165395\" target=\"_blank\" rel=\"noreferrer noopener\">Info<\/a><\/p>","protected":false},"excerpt":{"rendered":"<p>11. M\u00e4rz 2018, 18.00 Uhr97070 W\u00fcrzburg,&nbsp; Zwinger 3CKirche St. StephanHeinrich Sch\u00fctz \u201eDie sieben Worte Jesu am Kreuz\u201dGeorg Friedrich H\u00e4ndel \u201eDixit Dominus\u201dLtg. KMD Christian Heideckern\u00e4here Infos Sonntag, 10. Juni 2018, 17:00 UhrS \u2013 Stockholm, finnische Kirche\u201eCatchy tunes\u201c \u2013 in variations for viol consort Freitag, 29. Juni 2018, 20:00 Uhr76133 Karlsruhe, R\u00f6ntgenstra\u00dfe 1Altkatholische Kirche Christi AuferstehungHabe deine [&hellip;]<\/p>\n","protected":false},"author":1,"featured_media":0,"parent":4144,"menu_order":0,"comment_status":"closed","ping_status":"closed","template":"","meta":{"_uag_custom_page_level_css":"","site-sidebar-layout":"default","site-content-layout":"","ast-site-content-layout":"default","site-content-style":"default","site-sidebar-style":"default","ast-global-header-display":"","ast-banner-title-visibility":"","ast-main-header-display":"","ast-hfb-above-header-display":"","ast-hfb-below-header-display":"","ast-hfb-mobile-header-display":"","site-post-title":"","ast-breadcrumbs-content":"","ast-featured-img":"","footer-sml-layout":"","ast-disable-related-posts":"","theme-transparent-header-meta":"","adv-header-id-meta":"","stick-header-meta":"","header-above-stick-meta":"","header-main-stick-meta":"","header-below-stick-meta":"","astra-migrate-meta-layouts":"default","ast-page-background-enabled":"default","ast-page-background-meta":{"desktop":{"background-color":"var(--ast-global-color-4)","background-image":"","background-repeat":"repeat","background-position":"center center","background-size":"auto","background-attachment":"scroll","background-type":"","background-media":"","overlay-type":"","overlay-color":"","overlay-opacity":"","overlay-gradient":""},"tablet":{"background-color":"","background-image":"","background-repeat":"repeat","background-position":"center center","background-size":"auto","background-attachment":"scroll","background-type":"","background-media":"","overlay-type":"","overlay-color":"","overlay-opacity":"","overlay-gradient":""},"mobile":{"background-color":"","background-image":"","background-repeat":"repeat","background-position":"center center","background-size":"auto","background-attachment":"scroll","background-type":"","background-media":"","overlay-type":"","overlay-color":"","overlay-opacity":"","overlay-gradient":""}},"ast-content-background-meta":{"desktop":{"background-color":"var(--ast-global-color-5)","background-image":"","background-repeat":"repeat","background-position":"center center","background-size":"auto","background-attachment":"scroll","background-type":"","background-media":"","overlay-type":"","overlay-color":"","overlay-opacity":"","overlay-gradient":""},"tablet":{"background-color":"var(--ast-global-color-5)","background-image":"","background-repeat":"repeat","background-position":"center center","background-size":"auto","background-attachment":"scroll","background-type":"","background-media":"","overlay-type":"","overlay-color":"","overlay-opacity":"","overlay-gradient":""},"mobile":{"background-color":"var(--ast-global-color-5)","background-image":"","background-repeat":"repeat","background-position":"center center","background-size":"auto","background-attachment":"scroll","background-type":"","background-media":"","overlay-type":"","overlay-color":"","overlay-opacity":"","overlay-gradient":""}},"ngg_post_thumbnail":0,"_vp_format_video_url":"","_vp_image_focal_point":[],"footnotes":""},"class_list":["post-4136","page","type-page","status-publish","hentry"],"aioseo_notices":[],"uagb_featured_image_src":{"full":false,"thumbnail":false,"medium":false,"medium_large":false,"large":false,"1536x1536":false,"2048x2048":false,"trp-custom-language-flag":false,"vp_sm":false,"vp_md":false,"vp_lg":false,"vp_xl":false,"vp_sm_popup":false,"vp_md_popup":false,"vp_xl_popup":false,"bdpp-medium":false},"uagb_author_info":{"display_name":"webproofed","author_link":"https:\/\/www.escapades.de\/en\/author\/admin\/"},"uagb_comment_info":0,"uagb_excerpt":"11. M\u00e4rz 2018, 18.00 Uhr97070 W\u00fcrzburg,&nbsp; Zwinger 3CKirche St. StephanHeinrich Sch\u00fctz \u201eDie sieben Worte Jesu am Kreuz\u201dGeorg Friedrich H\u00e4ndel \u201eDixit Dominus\u201dLtg. KMD Christian Heideckern\u00e4here Infos Sonntag, 10. Juni 2018, 17:00 UhrS \u2013 Stockholm, finnische Kirche\u201eCatchy tunes\u201c \u2013 in variations for viol consort Freitag, 29. Juni 2018, 20:00 Uhr76133 Karlsruhe, R\u00f6ntgenstra\u00dfe 1Altkatholische Kirche Christi AuferstehungHabe deine&hellip;","_links":{"self":[{"href":"https:\/\/www.escapades.de\/en\/wp-json\/wp\/v2\/pages\/4136","targetHints":{"allow":["GET"]}}],"collection":[{"href":"https:\/\/www.escapades.de\/en\/wp-json\/wp\/v2\/pages"}],"about":[{"href":"https:\/\/www.escapades.de\/en\/wp-json\/wp\/v2\/types\/page"}],"author":[{"embeddable":true,"href":"https:\/\/www.escapades.de\/en\/wp-json\/wp\/v2\/users\/1"}],"replies":[{"embeddable":true,"href":"https:\/\/www.escapades.de\/en\/wp-json\/wp\/v2\/comments?post=4136"}],"version-history":[{"count":0,"href":"https:\/\/www.escapades.de\/en\/wp-json\/wp\/v2\/pages\/4136\/revisions"}],"up":[{"embeddable":true,"href":"https:\/\/www.escapades.de\/en\/wp-json\/wp\/v2\/pages\/4144"}],"wp:attachment":[{"href":"https:\/\/www.escapades.de\/en\/wp-json\/wp\/v2\/media?parent=4136"}],"curies":[{"name":"wp","href":"https:\/\/api.w.org\/{rel}","templated":true}]}}