{"id":4142,"date":"2022-09-22T09:11:01","date_gmt":"2022-09-22T09:11:01","guid":{"rendered":"http:\/\/2022.escapades.de\/?page_id=4142"},"modified":"2022-12-01T15:44:45","modified_gmt":"2022-12-01T15:44:45","slug":"konzerttermine-2021","status":"publish","type":"page","link":"https:\/\/www.escapades.de\/en\/konzertarchiv\/konzerttermine-2021\/","title":{"rendered":"Concert dates 2021"},"content":{"rendered":"<p><strong>Wednesday, 5 May 2021<br>Concert 1: 19.00 \u00e2 19.45<br>Concert 2: 20.30 \u00e2 21.15<br><\/strong>\"Catchy Tunes of Europe<br>with Monika Mauch, soprano and Andrea C. Baur, lute<br>digital transmission from the Old Catholic Church, Karlsruheim framework of the <a href=\"https:\/\/web6.karlsruhe.de\/Kultur\/EKT\/EKT2020\/de\/programm\/\">\u00e2European Days of Culture\u00e2<\/a> 2021<br><a href=\"https:\/\/www.escapades.de\/wp-content\/uploads\/2021\/02\/Catchy-tunes-Einladungstext.2021.docx\">Catchy tunes invitation text.2021<\/a><br><strong>Dial-in link <\/strong><em>(on the YouTube channel of Les Escapades Gambenconsort)<\/em><\/p>\n\n\n\n<p><strong>Sunday, 13 June 2021, 4.30 pm<br><\/strong>D-90402 Nuremberg, St. Elisabeth, Jakobsplatz<br>Music for the soul \u00e2 musical devotion<br>William Byrd, John Dowland, Henry Purcell a.o.<\/p>\n\n\n\n<p><del><strong>Saturday, 19 June 2021, 8.00 p.m.<\/strong><\/del><br><del>D- 93194 Walderbach, Am Pr\u00e4latengarten 2-4<\/del><br><del>Festival Hall Walderbach Monastery\/ Cham<\/del><br><del>\u00e2Flores espa\u00c3\u00b1olas\u00e2<\/del><br><del>with Maria Ferr\u00c3\u00a9, guitar<\/del><br><del><a href=\"https:\/\/www.landkreis-cham.de\/kultur-tourismus\/kultur-museen\/festliche-konzerte\/#\/de\/lra-cham\/default\/search\/Event\/tag%3A%22Festliche%20Konzerte%20Barocksaal%20Walderbach%22\/view:list\/sort:chronological\/mode:next_months,12\/calView:agendaWeek\/hideSearchForm:1\">Festive concerts<\/a><br><\/del><em>cancelled again, postponed to 2022<\/em><\/p>\n\n\n\n<p><strong>Sunday, 27 June 2021, 6.30 pm<\/strong>D-76593 Gernsbach, Obertsroter Str. 5, Kirchl<br>\u00e2Fabulous London\u00e2 \u00e2 Gibbons, Simpson, Byrd et.al.<br><a href=\"https:\/\/kammermusik-im-kirchl.de\/sommerkonzerte-2021\/\">Chamber music in the Kirchl<\/a><\/p>\n\n\n\n<p><strong>Wednesday, 7 July 2021, 7.00 p.m.<\/strong><br>D- 53113 Bonn, Kreuzkirche, Kaiserplatz<br>\u00e2Flores espa\u00c3\u00b1olas\u00e2<br>with Stefan Horz, organ<br><a href=\"https:\/\/www.kreuzkirche-bonn.de\/musik\/\">Kreuzkirche Bonn<\/a><\/p>\n\n\n\n<p><strong>Sunday, 10 October 2021, 7.00 p.m.<br><\/strong>D-76135 Karlsruhe, Stephanienbad, Breite Stra\u00c3e 49a<br>\u00e2Dreams &amp; Visions\u00e2- musical-poetic journey through a wondrous night<br>Music by Debussy, Faur\u00c3\u00a9, Vivaldi, Dowland, Jovanovic, and others.<br>with <a href=\"https:\/\/www.sebastian-mirow.de\">Sebastian Mirow<\/a> (Speaker)<br><a href=\"https:\/\/freunde-der-gambenmusik.de\/traeume-visionen\/\">Link to the registration<\/a><\/p>\n\n\n\n<p><strong>Saturday, 16 October 2021, 7.00 p.m.<br><\/strong>D-70197 Stuttgart, Schlosskapelle Solitude, Solitude 2<br>\u00e2Dreams &amp; Visions\u00e2 \u00e2 musical-poetic journey through a wondrous night<br>Details see above.<br><em>The concerts on 10 and 16.10. will be held within the framework of the scholarship.<\/em> <a href=\"https:\/\/www.musikrat.de\">\u00e2Neustart Kultur\u00e2<\/a> <em>of the German Music Council<\/em><br><a href=\"https:\/\/www.musikinstuttgarterkirchen.de\/termine\/detail-konzert?tx_snetkirchen_snetkirchen%5Baction%5D=show&amp;tx_snetkirchen_snetkirchen%5Bconcert%5D=9012&amp;tx_snetkirchen_snetkirchen%5Bcontroller%5D=Concert&amp;cHash=44ffb909fd6601064b0352c72a356fb6\">Music in Stuttgart churches<\/a><br><a href=\"https:\/\/freunde-der-gambenmusik.de\/traeume-visionen\/\">Link to the registration<\/a><\/p>","protected":false},"excerpt":{"rendered":"<p>Mittwoch, 5. Mai 2021Konzert 1: 19.00 \u2013 19.45 UhrKonzert 2: 20.30 \u2013 21.15 Uhr\u201eCatchy tunes of Europe\u201cmit Monika Mauch, Sopran und Andrea C. Baur, Lautedigitale \u00dcbertragung aus der Altkatholische Kirche,&nbsp;Karlsruheim Rahmen der \u201eEurop\u00e4ischen Kulturtage\u201c 2021Catchy tunes-Einladungstext.2021Einwahl-Link (im YouTube-Kanal von Les Escapades Gambenconsort) Sonntag, 13. Juni 2021, 16.30 UhrD-90402 N\u00fcrnberg, St. Elisabeth, JakobsplatzMusik f\u00fcr die Seele [&hellip;]<\/p>\n","protected":false},"author":1,"featured_media":0,"parent":4144,"menu_order":0,"comment_status":"closed","ping_status":"closed","template":"","meta":{"_uag_custom_page_level_css":"","site-sidebar-layout":"default","site-content-layout":"","ast-site-content-layout":"default","site-content-style":"default","site-sidebar-style":"default","ast-global-header-display":"","ast-banner-title-visibility":"","ast-main-header-display":"","ast-hfb-above-header-display":"","ast-hfb-below-header-display":"","ast-hfb-mobile-header-display":"","site-post-title":"","ast-breadcrumbs-content":"","ast-featured-img":"","footer-sml-layout":"","ast-disable-related-posts":"","theme-transparent-header-meta":"","adv-header-id-meta":"","stick-header-meta":"","header-above-stick-meta":"","header-main-stick-meta":"","header-below-stick-meta":"","astra-migrate-meta-layouts":"default","ast-page-background-enabled":"default","ast-page-background-meta":{"desktop":{"background-color":"var(--ast-global-color-4)","background-image":"","background-repeat":"repeat","background-position":"center center","background-size":"auto","background-attachment":"scroll","background-type":"","background-media":"","overlay-type":"","overlay-color":"","overlay-opacity":"","overlay-gradient":""},"tablet":{"background-color":"","background-image":"","background-repeat":"repeat","background-position":"center center","background-size":"auto","background-attachment":"scroll","background-type":"","background-media":"","overlay-type":"","overlay-color":"","overlay-opacity":"","overlay-gradient":""},"mobile":{"background-color":"","background-image":"","background-repeat":"repeat","background-position":"center center","background-size":"auto","background-attachment":"scroll","background-type":"","background-media":"","overlay-type":"","overlay-color":"","overlay-opacity":"","overlay-gradient":""}},"ast-content-background-meta":{"desktop":{"background-color":"var(--ast-global-color-5)","background-image":"","background-repeat":"repeat","background-position":"center center","background-size":"auto","background-attachment":"scroll","background-type":"","background-media":"","overlay-type":"","overlay-color":"","overlay-opacity":"","overlay-gradient":""},"tablet":{"background-color":"var(--ast-global-color-5)","background-image":"","background-repeat":"repeat","background-position":"center center","background-size":"auto","background-attachment":"scroll","background-type":"","background-media":"","overlay-type":"","overlay-color":"","overlay-opacity":"","overlay-gradient":""},"mobile":{"background-color":"var(--ast-global-color-5)","background-image":"","background-repeat":"repeat","background-position":"center center","background-size":"auto","background-attachment":"scroll","background-type":"","background-media":"","overlay-type":"","overlay-color":"","overlay-opacity":"","overlay-gradient":""}},"ngg_post_thumbnail":0,"_vp_format_video_url":"","_vp_image_focal_point":[],"footnotes":""},"class_list":["post-4142","page","type-page","status-publish","hentry"],"aioseo_notices":[],"uagb_featured_image_src":{"full":false,"thumbnail":false,"medium":false,"medium_large":false,"large":false,"1536x1536":false,"2048x2048":false,"trp-custom-language-flag":false,"vp_sm":false,"vp_md":false,"vp_lg":false,"vp_xl":false,"vp_sm_popup":false,"vp_md_popup":false,"vp_xl_popup":false,"bdpp-medium":false},"uagb_author_info":{"display_name":"webproofed","author_link":"https:\/\/www.escapades.de\/en\/author\/admin\/"},"uagb_comment_info":0,"uagb_excerpt":"Mittwoch, 5. Mai 2021Konzert 1: 19.00 \u2013 19.45 UhrKonzert 2: 20.30 \u2013 21.15 Uhr\u201eCatchy tunes of Europe\u201cmit Monika Mauch, Sopran und Andrea C. Baur, Lautedigitale \u00dcbertragung aus der Altkatholische Kirche,&nbsp;Karlsruheim Rahmen der \u201eEurop\u00e4ischen Kulturtage\u201c 2021Catchy tunes-Einladungstext.2021Einwahl-Link (im YouTube-Kanal von Les Escapades Gambenconsort) Sonntag, 13. Juni 2021, 16.30 UhrD-90402 N\u00fcrnberg, St. Elisabeth, JakobsplatzMusik f\u00fcr die Seele&hellip;","_links":{"self":[{"href":"https:\/\/www.escapades.de\/en\/wp-json\/wp\/v2\/pages\/4142","targetHints":{"allow":["GET"]}}],"collection":[{"href":"https:\/\/www.escapades.de\/en\/wp-json\/wp\/v2\/pages"}],"about":[{"href":"https:\/\/www.escapades.de\/en\/wp-json\/wp\/v2\/types\/page"}],"author":[{"embeddable":true,"href":"https:\/\/www.escapades.de\/en\/wp-json\/wp\/v2\/users\/1"}],"replies":[{"embeddable":true,"href":"https:\/\/www.escapades.de\/en\/wp-json\/wp\/v2\/comments?post=4142"}],"version-history":[{"count":0,"href":"https:\/\/www.escapades.de\/en\/wp-json\/wp\/v2\/pages\/4142\/revisions"}],"up":[{"embeddable":true,"href":"https:\/\/www.escapades.de\/en\/wp-json\/wp\/v2\/pages\/4144"}],"wp:attachment":[{"href":"https:\/\/www.escapades.de\/en\/wp-json\/wp\/v2\/media?parent=4142"}],"curies":[{"name":"wp","href":"https:\/\/api.w.org\/{rel}","templated":true}]}}