{"id":4545,"date":"2022-11-24T08:32:58","date_gmt":"2022-11-24T08:32:58","guid":{"rendered":"https:\/\/www.escapades.de\/?page_id=4545"},"modified":"2026-04-02T15:37:49","modified_gmt":"2026-04-02T15:37:49","slug":"kalender","status":"publish","type":"page","link":"https:\/\/www.escapades.de\/en\/kalender\/","title":{"rendered":"Calendar"},"content":{"rendered":"<p><\/p>\n\n\n\n<h3 class=\"wp-block-heading\"><strong>Concerts 2026<\/strong><\/h3>\n\n\n\n<div class=\"wp-block-media-text has-media-on-the-right is-stacked-on-mobile\" style=\"grid-template-columns:auto 38%\"><div class=\"wp-block-media-text__content\">\n<p>Sunday, April 19, 2026, 11:00 AM<br>Sunday, April 19, 2026, 7:00 PM<\/p>\n\n\n\n<h3 class=\"wp-block-heading\" style=\"margin-top:0;margin-bottom:0\">Dreams &amp; Visions<\/h3>\n\n\n\n<p>77855 Achern | Old Church Fautenbach | M\u00fchlenstra\u00dfe 15<br>musical-poetic journey with <a href=\"https:\/\/www.sebastian-mirow.de\/\" title=\"\">Sebastian Mirow<\/a><br><\/p>\n\n\n\n<p><em><a href=\"https:\/\/www.regioactive.de\/konzert\/les-escapades-sebastian-mirow-achern-alte-kirche-fautenbach-2026-04-19-tickets-j89wVVhw9K\" title=\"\">Info<\/a><\/em><br>Tickets 11:00 AM: <a href=\"https:\/\/ortenaukultur.reservix.de\/p\/reservix\/event\/2417522\">https:\/\/ortenaukultur.reservix.de\/p\/reservix\/event\/2417522<\/a><br>Tickets 7:00 PM: <a href=\"https:\/\/ortenaukultur.reservix.de\/p\/reservix\/event\/2417524\">https:\/\/ortenaukultur.reservix.de\/p\/reservix\/event\/2417524<\/a><br><\/p>\n<\/div><figure class=\"wp-block-media-text__media\"><a href=\"https:\/\/commons.wikimedia.org\/wiki\/Category:Kirrweiler_(Pfalz)?uselang=de#\/media\/File:Kirrweiler_P1250386.jpg\"><img loading=\"lazy\" decoding=\"async\" width=\"1024\" height=\"682\" src=\"https:\/\/www.escapades.de\/wp-content\/uploads\/2025\/10\/LE_231013_FY_7790-1024x682.jpeg\" alt=\"\" class=\"wp-image-5784 size-full\" srcset=\"https:\/\/www.escapades.de\/wp-content\/uploads\/2025\/10\/LE_231013_FY_7790-1024x682.jpeg 1024w, https:\/\/www.escapades.de\/wp-content\/uploads\/2025\/10\/LE_231013_FY_7790-300x200.jpeg 300w, https:\/\/www.escapades.de\/wp-content\/uploads\/2025\/10\/LE_231013_FY_7790-768x512.jpeg 768w, https:\/\/www.escapades.de\/wp-content\/uploads\/2025\/10\/LE_231013_FY_7790-18x12.jpeg 18w, https:\/\/www.escapades.de\/wp-content\/uploads\/2025\/10\/LE_231013_FY_7790-500x333.jpeg 500w, https:\/\/www.escapades.de\/wp-content\/uploads\/2025\/10\/LE_231013_FY_7790-800x533.jpeg 800w, https:\/\/www.escapades.de\/wp-content\/uploads\/2025\/10\/LE_231013_FY_7790.jpeg 1280w\" sizes=\"auto, (max-width: 1024px) 100vw, 1024px\" \/><\/a><\/figure><\/div>\n\n\n\n<p><\/p>\n\n\n\n<div class=\"wp-block-media-text has-media-on-the-right is-stacked-on-mobile\" style=\"grid-template-columns:auto 38%\"><div class=\"wp-block-media-text__content\">\n<p>Sunday, May 17, 2026, 7:00 PM<\/p>\n\n\n\n<h3 class=\"wp-block-heading\" style=\"margin-top:0;margin-bottom:0\">Passecaille<\/h3>\n\n\n\n<p>75365 Calw-Hirsau | St. Aurelius Catholic Church | Aureliusplatz 7<br>with Andrea C. Baur, lute<br><br>on string roads to William Byrd, Juan Cabanilles, Luigi Rossi, Louis Couperin, Marc-Antoine Charpentier, Henry Purcell and many others.<br><\/p>\n\n\n\n<p><em><a href=\"https:\/\/www.kath-kirche-calw-badliebenzell.de\/2026\/01\/20\/jahresprogramm-2026-konzerte-st-aurelius-hirsau\/\" title=\"\">to the annual program<\/a><\/em><\/p>\n<\/div><figure class=\"wp-block-media-text__media\"><a href=\"https:\/\/commons.wikimedia.org\/wiki\/Category:Kirrweiler_(Pfalz)?uselang=de#\/media\/File:Kirrweiler_P1250386.jpg\"><img loading=\"lazy\" decoding=\"async\" width=\"1024\" height=\"682\" src=\"https:\/\/www.escapades.de\/wp-content\/uploads\/2025\/01\/65-LE_231013_FY_7927_1-1024x682.jpeg\" alt=\"\" class=\"wp-image-5336 size-full\" srcset=\"https:\/\/www.escapades.de\/wp-content\/uploads\/2025\/01\/65-LE_231013_FY_7927_1-1024x682.jpeg 1024w, https:\/\/www.escapades.de\/wp-content\/uploads\/2025\/01\/65-LE_231013_FY_7927_1-300x200.jpeg 300w, https:\/\/www.escapades.de\/wp-content\/uploads\/2025\/01\/65-LE_231013_FY_7927_1-768x512.jpeg 768w, https:\/\/www.escapades.de\/wp-content\/uploads\/2025\/01\/65-LE_231013_FY_7927_1-18x12.jpeg 18w, https:\/\/www.escapades.de\/wp-content\/uploads\/2025\/01\/65-LE_231013_FY_7927_1-500x333.jpeg 500w, https:\/\/www.escapades.de\/wp-content\/uploads\/2025\/01\/65-LE_231013_FY_7927_1-800x533.jpeg 800w, https:\/\/www.escapades.de\/wp-content\/uploads\/2025\/01\/65-LE_231013_FY_7927_1.jpeg 1280w\" sizes=\"auto, (max-width: 1024px) 100vw, 1024px\" \/><\/a><\/figure><\/div>\n\n\n\n<p><\/p>\n\n\n\n<div class=\"wp-block-media-text has-media-on-the-right is-stacked-on-mobile\" style=\"grid-template-columns:auto 38%\"><div class=\"wp-block-media-text__content\">\n<p>Sunday, September 13, 2026, 5:00 PM<\/p>\n\n\n\n<h3 class=\"wp-block-heading\" style=\"margin-top:0;margin-bottom:0\">Passecaille<\/h3>\n\n\n\n<p>76646 Bruchsal | Baroque Church of St. Peter | Peter-und-Paul-Str. 59<br>with Andrea C. Baur, lute<br><br>on string roads to William Byrd, Juan Cabanilles, Luigi Rossi, Louis Couperin, Marc-Antoine Charpentier, Henry Purcell and many others.<br><\/p>\n\n\n\n<p><em>Info coming soon<\/em><\/p>\n<\/div><figure class=\"wp-block-media-text__media\"><a href=\"https:\/\/commons.wikimedia.org\/wiki\/Category:Kirrweiler_(Pfalz)?uselang=de#\/media\/File:Kirrweiler_P1250386.jpg\"><img loading=\"lazy\" decoding=\"async\" width=\"1024\" height=\"682\" src=\"https:\/\/www.escapades.de\/wp-content\/uploads\/2025\/01\/65-LE_231013_FY_7927_1-1024x682.jpeg\" alt=\"\" class=\"wp-image-5336 size-full\" srcset=\"https:\/\/www.escapades.de\/wp-content\/uploads\/2025\/01\/65-LE_231013_FY_7927_1-1024x682.jpeg 1024w, https:\/\/www.escapades.de\/wp-content\/uploads\/2025\/01\/65-LE_231013_FY_7927_1-300x200.jpeg 300w, https:\/\/www.escapades.de\/wp-content\/uploads\/2025\/01\/65-LE_231013_FY_7927_1-768x512.jpeg 768w, https:\/\/www.escapades.de\/wp-content\/uploads\/2025\/01\/65-LE_231013_FY_7927_1-18x12.jpeg 18w, https:\/\/www.escapades.de\/wp-content\/uploads\/2025\/01\/65-LE_231013_FY_7927_1-500x333.jpeg 500w, https:\/\/www.escapades.de\/wp-content\/uploads\/2025\/01\/65-LE_231013_FY_7927_1-800x533.jpeg 800w, https:\/\/www.escapades.de\/wp-content\/uploads\/2025\/01\/65-LE_231013_FY_7927_1.jpeg 1280w\" sizes=\"auto, (max-width: 1024px) 100vw, 1024px\" \/><\/a><\/figure><\/div>\n\n\n\n<p><\/p>\n\n\n\n<div class=\"wp-block-media-text has-media-on-the-right is-stacked-on-mobile\" style=\"grid-template-columns:auto 38%\"><div class=\"wp-block-media-text__content\">\n<p>Friday, October 2, 2026, 7:00 PM<\/p>\n\n\n\n<h3 class=\"wp-block-heading\" style=\"margin-top:0;margin-bottom:0\">In Joy and Sorrow \u2013 Festive Music of the 17th Century<\/h3>\n\n\n\n<p>70173 Stuttgart | Collegiate Church | Stiftstra\u00dfe 12<br>Hour of church music<\/p>\n\n\n\n<p>with Miriam Feuersinger, soprano | Cosimo Stawiarski, violin<br>Simon Linn\u00e9, theorbo | Johannes H\u00e4mmerle, organ | Les Escapades<br><\/p>\n\n\n\n<p><a href=\"https:\/\/www.stiftsmusik-stuttgart.de\/spielplan\/oktober-2026.html\" title=\"\"><em>Information and tickets<\/em><\/a><\/p>\n<\/div><figure class=\"wp-block-media-text__media\"><a href=\"https:\/\/commons.wikimedia.org\/wiki\/Category:Kirrweiler_(Pfalz)?uselang=de#\/media\/File:Kirrweiler_P1250386.jpg\"><img loading=\"lazy\" decoding=\"async\" width=\"1024\" height=\"760\" src=\"https:\/\/www.escapades.de\/wp-content\/uploads\/2026\/02\/Amsoldingen-Bachwochen-3-9-2023-26-web-1024x760.jpg\" alt=\"\" class=\"wp-image-5841 size-full\" srcset=\"https:\/\/www.escapades.de\/wp-content\/uploads\/2026\/02\/Amsoldingen-Bachwochen-3-9-2023-26-web-1024x760.jpg 1024w, https:\/\/www.escapades.de\/wp-content\/uploads\/2026\/02\/Amsoldingen-Bachwochen-3-9-2023-26-web-300x223.jpg 300w, https:\/\/www.escapades.de\/wp-content\/uploads\/2026\/02\/Amsoldingen-Bachwochen-3-9-2023-26-web-768x570.jpg 768w, https:\/\/www.escapades.de\/wp-content\/uploads\/2026\/02\/Amsoldingen-Bachwochen-3-9-2023-26-web-1536x1140.jpg 1536w, https:\/\/www.escapades.de\/wp-content\/uploads\/2026\/02\/Amsoldingen-Bachwochen-3-9-2023-26-web-16x12.jpg 16w, https:\/\/www.escapades.de\/wp-content\/uploads\/2026\/02\/Amsoldingen-Bachwochen-3-9-2023-26-web-500x371.jpg 500w, https:\/\/www.escapades.de\/wp-content\/uploads\/2026\/02\/Amsoldingen-Bachwochen-3-9-2023-26-web-800x594.jpg 800w, https:\/\/www.escapades.de\/wp-content\/uploads\/2026\/02\/Amsoldingen-Bachwochen-3-9-2023-26-web-1280x950.jpg 1280w, https:\/\/www.escapades.de\/wp-content\/uploads\/2026\/02\/Amsoldingen-Bachwochen-3-9-2023-26-web-1920x1426.jpg 1920w, https:\/\/www.escapades.de\/wp-content\/uploads\/2026\/02\/Amsoldingen-Bachwochen-3-9-2023-26-web.jpg 2000w\" sizes=\"auto, (max-width: 1024px) 100vw, 1024px\" \/><\/a><\/figure><\/div>\n\n\n\n<p><\/p>\n\n\n\n<div class=\"wp-block-media-text has-media-on-the-right is-stacked-on-mobile\" style=\"grid-template-columns:auto 38%\"><div class=\"wp-block-media-text__content\">\n<p>Saturday, October 3, 2026, 7:30 p.m.<\/p>\n\n\n\n<h3 class=\"wp-block-heading\" style=\"margin-top:0;margin-bottom:0\">In Joy and Sorrow \u2013 Festive Music of the 17th Century<\/h3>\n\n\n\n<p>A-6900 Bregenz | Sacred Heart Church <\/p>\n\n\n\n<p>with Miriam Feuersinger, soprano | Cosimo Stawiarski, violin<br>Simon Linn\u00e9, theorbo | Johannes H\u00e4mmerle, organ | Les Escapades<br><\/p>\n\n\n\n<p><a href=\"https:\/\/musik-in-herz-jesu.jimdosite.com\/konzerte\/konzertprogramm-2026\/\" title=\"\"><em>Info<\/em><\/a><\/p>\n<\/div><figure class=\"wp-block-media-text__media\"><a href=\"https:\/\/commons.wikimedia.org\/wiki\/Category:Kirrweiler_(Pfalz)?uselang=de#\/media\/File:Kirrweiler_P1250386.jpg\"><img loading=\"lazy\" decoding=\"async\" width=\"1024\" height=\"760\" src=\"https:\/\/www.escapades.de\/wp-content\/uploads\/2026\/02\/Amsoldingen-Bachwochen-3-9-2023-26-web-2-1024x760.jpg\" alt=\"\" class=\"wp-image-5846 size-full\" srcset=\"https:\/\/www.escapades.de\/wp-content\/uploads\/2026\/02\/Amsoldingen-Bachwochen-3-9-2023-26-web-2-1024x760.jpg 1024w, https:\/\/www.escapades.de\/wp-content\/uploads\/2026\/02\/Amsoldingen-Bachwochen-3-9-2023-26-web-2-300x223.jpg 300w, https:\/\/www.escapades.de\/wp-content\/uploads\/2026\/02\/Amsoldingen-Bachwochen-3-9-2023-26-web-2-768x570.jpg 768w, https:\/\/www.escapades.de\/wp-content\/uploads\/2026\/02\/Amsoldingen-Bachwochen-3-9-2023-26-web-2-1536x1140.jpg 1536w, https:\/\/www.escapades.de\/wp-content\/uploads\/2026\/02\/Amsoldingen-Bachwochen-3-9-2023-26-web-2-16x12.jpg 16w, https:\/\/www.escapades.de\/wp-content\/uploads\/2026\/02\/Amsoldingen-Bachwochen-3-9-2023-26-web-2-500x371.jpg 500w, https:\/\/www.escapades.de\/wp-content\/uploads\/2026\/02\/Amsoldingen-Bachwochen-3-9-2023-26-web-2-800x594.jpg 800w, https:\/\/www.escapades.de\/wp-content\/uploads\/2026\/02\/Amsoldingen-Bachwochen-3-9-2023-26-web-2-1280x950.jpg 1280w, https:\/\/www.escapades.de\/wp-content\/uploads\/2026\/02\/Amsoldingen-Bachwochen-3-9-2023-26-web-2-1920x1426.jpg 1920w, https:\/\/www.escapades.de\/wp-content\/uploads\/2026\/02\/Amsoldingen-Bachwochen-3-9-2023-26-web-2.jpg 2000w\" sizes=\"auto, (max-width: 1024px) 100vw, 1024px\" \/><\/a><\/figure><\/div>\n\n\n\n<p><\/p>\n\n\n\n<p>More concerts will be available on this page soon.<\/p>\n\n\n\n<div class=\"wp-block-buttons is-content-justification-center is-layout-flex wp-container-core-buttons-is-layout-a89b3969 wp-block-buttons-is-layout-flex\">\n<div class=\"wp-block-button\"><a class=\"wp-block-button__link wp-element-button\" href=\"https:\/\/www.escapades.de\/en\/konzertarchiv\/\">to the concert archive<\/a><\/div>\n<\/div>\n\n\n\n<p><\/p>","protected":false},"excerpt":{"rendered":"<p>Konzerte 2026 Sonntag, 19. April 2026, 11:00 UhrSonntag, 19. April 2026, 19:00 Uhr Tr\u00e4ume &amp; Visionen 77855 Achern | Alte Kirche Fautenbach | M\u00fchlenstra\u00dfe 15musikalisch-poetische Reise mit Sebastian Mirow InfosTickets 11:00 Uhr: https:\/\/ortenaukultur.reservix.de\/p\/reservix\/event\/2417522Tickets 19:00 Uhr: https:\/\/ortenaukultur.reservix.de\/p\/reservix\/event\/2417524 Sonntag, 17. Mai 2026, 19:00 Uhr Passecaille 75365 Calw-Hirsau | Katholische Kirche St. Aurelius | Aureliusplatz 7mit Andrea C. [&hellip;]<\/p>\n","protected":false},"author":1,"featured_media":0,"parent":0,"menu_order":0,"comment_status":"closed","ping_status":"closed","template":"","meta":{"_uag_custom_page_level_css":"","site-sidebar-layout":"default","site-content-layout":"","ast-site-content-layout":"default","site-content-style":"default","site-sidebar-style":"default","ast-global-header-display":"","ast-banner-title-visibility":"","ast-main-header-display":"","ast-hfb-above-header-display":"","ast-hfb-below-header-display":"","ast-hfb-mobile-header-display":"","site-post-title":"","ast-breadcrumbs-content":"","ast-featured-img":"","footer-sml-layout":"","ast-disable-related-posts":"","theme-transparent-header-meta":"","adv-header-id-meta":"","stick-header-meta":"","header-above-stick-meta":"","header-main-stick-meta":"","header-below-stick-meta":"","astra-migrate-meta-layouts":"set","ast-page-background-enabled":"default","ast-page-background-meta":{"desktop":{"background-color":"var(--ast-global-color-4)","background-image":"","background-repeat":"repeat","background-position":"center center","background-size":"auto","background-attachment":"scroll","background-type":"","background-media":"","overlay-type":"","overlay-color":"","overlay-opacity":"","overlay-gradient":""},"tablet":{"background-color":"","background-image":"","background-repeat":"repeat","background-position":"center center","background-size":"auto","background-attachment":"scroll","background-type":"","background-media":"","overlay-type":"","overlay-color":"","overlay-opacity":"","overlay-gradient":""},"mobile":{"background-color":"","background-image":"","background-repeat":"repeat","background-position":"center center","background-size":"auto","background-attachment":"scroll","background-type":"","background-media":"","overlay-type":"","overlay-color":"","overlay-opacity":"","overlay-gradient":""}},"ast-content-background-meta":{"desktop":{"background-color":"var(--ast-global-color-5)","background-image":"","background-repeat":"repeat","background-position":"center center","background-size":"auto","background-attachment":"scroll","background-type":"","background-media":"","overlay-type":"","overlay-color":"","overlay-opacity":"","overlay-gradient":""},"tablet":{"background-color":"var(--ast-global-color-5)","background-image":"","background-repeat":"repeat","background-position":"center center","background-size":"auto","background-attachment":"scroll","background-type":"","background-media":"","overlay-type":"","overlay-color":"","overlay-opacity":"","overlay-gradient":""},"mobile":{"background-color":"var(--ast-global-color-5)","background-image":"","background-repeat":"repeat","background-position":"center center","background-size":"auto","background-attachment":"scroll","background-type":"","background-media":"","overlay-type":"","overlay-color":"","overlay-opacity":"","overlay-gradient":""}},"ngg_post_thumbnail":0,"_vp_format_video_url":"","_vp_image_focal_point":[],"footnotes":""},"class_list":["post-4545","page","type-page","status-publish","hentry"],"aioseo_notices":[],"uagb_featured_image_src":{"full":false,"thumbnail":false,"medium":false,"medium_large":false,"large":false,"1536x1536":false,"2048x2048":false,"trp-custom-language-flag":false,"vp_sm":false,"vp_md":false,"vp_lg":false,"vp_xl":false,"vp_sm_popup":false,"vp_md_popup":false,"vp_xl_popup":false,"bdpp-medium":false},"uagb_author_info":{"display_name":"webproofed","author_link":"https:\/\/www.escapades.de\/en\/author\/admin\/"},"uagb_comment_info":0,"uagb_excerpt":"Konzerte 2026 Sonntag, 19. April 2026, 11:00 UhrSonntag, 19. April 2026, 19:00 Uhr Tr\u00e4ume &amp; Visionen 77855 Achern | Alte Kirche Fautenbach | M\u00fchlenstra\u00dfe 15musikalisch-poetische Reise mit Sebastian Mirow InfosTickets 11:00 Uhr: https:\/\/ortenaukultur.reservix.de\/p\/reservix\/event\/2417522Tickets 19:00 Uhr: https:\/\/ortenaukultur.reservix.de\/p\/reservix\/event\/2417524 Sonntag, 17. Mai 2026, 19:00 Uhr Passecaille 75365 Calw-Hirsau | Katholische Kirche St. Aurelius | Aureliusplatz 7mit Andrea C.&hellip;","_links":{"self":[{"href":"https:\/\/www.escapades.de\/en\/wp-json\/wp\/v2\/pages\/4545","targetHints":{"allow":["GET"]}}],"collection":[{"href":"https:\/\/www.escapades.de\/en\/wp-json\/wp\/v2\/pages"}],"about":[{"href":"https:\/\/www.escapades.de\/en\/wp-json\/wp\/v2\/types\/page"}],"author":[{"embeddable":true,"href":"https:\/\/www.escapades.de\/en\/wp-json\/wp\/v2\/users\/1"}],"replies":[{"embeddable":true,"href":"https:\/\/www.escapades.de\/en\/wp-json\/wp\/v2\/comments?post=4545"}],"version-history":[{"count":30,"href":"https:\/\/www.escapades.de\/en\/wp-json\/wp\/v2\/pages\/4545\/revisions"}],"predecessor-version":[{"id":5865,"href":"https:\/\/www.escapades.de\/en\/wp-json\/wp\/v2\/pages\/4545\/revisions\/5865"}],"wp:attachment":[{"href":"https:\/\/www.escapades.de\/en\/wp-json\/wp\/v2\/media?parent=4545"}],"curies":[{"name":"wp","href":"https:\/\/api.w.org\/{rel}","templated":true}]}}