{"id":4621,"date":"2022-11-29T12:52:36","date_gmt":"2022-11-29T12:52:36","guid":{"rendered":"https:\/\/www.escapades.de\/?page_id=4621"},"modified":"2023-04-25T18:27:06","modified_gmt":"2023-04-25T18:27:06","slug":"konzerttermine-2022","status":"publish","type":"page","link":"https:\/\/www.escapades.de\/en\/konzertarchiv\/konzerttermine-2022\/","title":{"rendered":"Concert dates 2022"},"content":{"rendered":"<p><strong>Concert page 2022 is not complete. Details will be added.<\/strong><\/p>\n\n\n\n<p>January until March 2022<br>Stuttgart State Opera<br><strong>Antonio Vivaldi: Juditha triumphans<\/strong><br>Premiere: 16.01.2022<br>Director: Silvia Costa; Musical Director: Benjamin Bayl<br><a href=\"https:\/\/www.staatsoper-stuttgart.de\/magazin\/das-war-die-premiere-von-juditha-triumphans\/\" title=\"\">Premiere<\/a><br><a href=\"https:\/\/www.die-deutsche-buehne.de\/kritiken\/die-stadt-der-frauen\/\" title=\"\">to the piece<\/a><\/p>\n\n\n\n<p>2 July 2022<br>Cham<\/p>\n\n\n\n<p>5 July 2022<br>University<\/p>\n\n\n\n<p>16 July 2022<br>Karlsruhe, Tears of the Muses<\/p>\n\n\n\n<p>17 July 2022<br>Frankfurt, Tears of the Muses<\/p>\n\n\n\n<p>22 July 2022, 10:00 pm<br>St. Gangolf, Hauptmarkt 9, 54290 Trier<br>Moselle Music Festival<br><strong>Dreams &amp; Visions<\/strong><br>musical-poetic journey through a wondrous night<br>With Arnd Gothe, speaker<\/p>\n\n\n\n<p>8 October 2022<br>Templin, Dreams and Visions<\/p>\n\n\n\n<p>9 October 2022<br>Panitzsch, Dreams and Visions<\/p>\n\n\n\n<p>22 October 2022, 8:00 pm <br><strong>Dreams &amp; Visions<\/strong><br>musical-poetic journey through a wondrous night<br>Monastery Church of St. Nicholas <br>Augustinerstra\u00dfe 17, G\u00f6ttingen<br><br>With Sebastian Mirow, speaker<br><a href=\"https:\/\/musik-nikolausberg.wir-e.de\/aktuelles\" target=\"_blank\" rel=\"noopener\" title=\"\">Music in the monastery church<\/a><\/p>\n\n\n\n<p>23 October 2022, 5:00 pm <br><strong>Dreams &amp; Visions<\/strong><br>musical-poetic journey through a wondrous night<br>St. Fabian's Monastery Hornbach <br>In the monastery district, Hornbach<br><br>With Sebastian Mirow, speaker<br><a href=\"https:\/\/musik-nikolausberg.wir-e.de\/aktuelles\" target=\"_blank\" rel=\"noopener\" title=\"\">Music in the monastery church<\/a><\/p>\n\n\n\n<p>13 November 2022, 5:00 pm <br><strong>The Passion of Music<\/strong><br>evang. city church Feuerbach<br>Walterstra\u00dfe 11, Stuttgart-Feuerbach<strong><br><a href=\"https:\/\/www.gemeinde.feuerbach.elk-wue.de\/kirchenmusik\/auffuehrungstermine\" target=\"_blank\" rel=\"noopener\" title=\"\">https:\/\/www.gemeinde.feuerbach.elk-wue.de\/kirchenmusik\/auffuehrungstermine<\/a><br><\/strong>Works for viol consort by Ferrabosco, Gibbons, Locke, Byrd and others. <strong><br><strong>The concert on 13.11.2022 is cancelled due to illness!<\/strong><\/strong><br><\/p>\n\n\n\n<p><\/p>","protected":false},"excerpt":{"rendered":"<p>Konzertseite 2022 ist nicht vollst\u00e4ndig. Angaben werden erg\u00e4nzt. Januar bis M\u00e4rz 2022Staatsoper StuttgartAntonio Vivaldi: Juditha triumphansPremiere: 16.01.2022Regie: Silvia Costa; Musikalische Leitung: Benjamin BaylPremierezum St\u00fcck 2. Juli 2022Cham 5. Juli 2022Hochschule 16. Juli 2022Karlsruhe, Tears of the Muses 17. Juli 2022Frankfurt, Tears of the Muses 22. Juli 2022, 22:00 UhrSt. Gangolf, Hauptmarkt 9, 54290 TrierMoselmusikfestivalTr\u00e4ume &amp; [&hellip;]<\/p>\n","protected":false},"author":1,"featured_media":0,"parent":4144,"menu_order":0,"comment_status":"closed","ping_status":"closed","template":"","meta":{"_uag_custom_page_level_css":"","site-sidebar-layout":"default","site-content-layout":"","ast-site-content-layout":"default","site-content-style":"default","site-sidebar-style":"default","ast-global-header-display":"","ast-banner-title-visibility":"","ast-main-header-display":"","ast-hfb-above-header-display":"","ast-hfb-below-header-display":"","ast-hfb-mobile-header-display":"","site-post-title":"disabled","ast-breadcrumbs-content":"","ast-featured-img":"","footer-sml-layout":"","ast-disable-related-posts":"","theme-transparent-header-meta":"","adv-header-id-meta":"","stick-header-meta":"","header-above-stick-meta":"","header-main-stick-meta":"","header-below-stick-meta":"","astra-migrate-meta-layouts":"default","ast-page-background-enabled":"default","ast-page-background-meta":{"desktop":{"background-color":"var(--ast-global-color-4)","background-image":"","background-repeat":"repeat","background-position":"center center","background-size":"auto","background-attachment":"scroll","background-type":"","background-media":"","overlay-type":"","overlay-color":"","overlay-opacity":"","overlay-gradient":""},"tablet":{"background-color":"","background-image":"","background-repeat":"repeat","background-position":"center center","background-size":"auto","background-attachment":"scroll","background-type":"","background-media":"","overlay-type":"","overlay-color":"","overlay-opacity":"","overlay-gradient":""},"mobile":{"background-color":"","background-image":"","background-repeat":"repeat","background-position":"center center","background-size":"auto","background-attachment":"scroll","background-type":"","background-media":"","overlay-type":"","overlay-color":"","overlay-opacity":"","overlay-gradient":""}},"ast-content-background-meta":{"desktop":{"background-color":"var(--ast-global-color-5)","background-image":"","background-repeat":"repeat","background-position":"center center","background-size":"auto","background-attachment":"scroll","background-type":"","background-media":"","overlay-type":"","overlay-color":"","overlay-opacity":"","overlay-gradient":""},"tablet":{"background-color":"var(--ast-global-color-5)","background-image":"","background-repeat":"repeat","background-position":"center center","background-size":"auto","background-attachment":"scroll","background-type":"","background-media":"","overlay-type":"","overlay-color":"","overlay-opacity":"","overlay-gradient":""},"mobile":{"background-color":"var(--ast-global-color-5)","background-image":"","background-repeat":"repeat","background-position":"center center","background-size":"auto","background-attachment":"scroll","background-type":"","background-media":"","overlay-type":"","overlay-color":"","overlay-opacity":"","overlay-gradient":""}},"ngg_post_thumbnail":0,"_vp_format_video_url":"","_vp_image_focal_point":[],"footnotes":""},"class_list":["post-4621","page","type-page","status-publish","hentry"],"aioseo_notices":[],"uagb_featured_image_src":{"full":false,"thumbnail":false,"medium":false,"medium_large":false,"large":false,"1536x1536":false,"2048x2048":false,"trp-custom-language-flag":false,"vp_sm":false,"vp_md":false,"vp_lg":false,"vp_xl":false,"vp_sm_popup":false,"vp_md_popup":false,"vp_xl_popup":false,"bdpp-medium":false},"uagb_author_info":{"display_name":"webproofed","author_link":"https:\/\/www.escapades.de\/en\/author\/admin\/"},"uagb_comment_info":0,"uagb_excerpt":"Konzertseite 2022 ist nicht vollst\u00e4ndig. Angaben werden erg\u00e4nzt. Januar bis M\u00e4rz 2022Staatsoper StuttgartAntonio Vivaldi: Juditha triumphansPremiere: 16.01.2022Regie: Silvia Costa; Musikalische Leitung: Benjamin BaylPremierezum St\u00fcck 2. Juli 2022Cham 5. Juli 2022Hochschule 16. Juli 2022Karlsruhe, Tears of the Muses 17. Juli 2022Frankfurt, Tears of the Muses 22. Juli 2022, 22:00 UhrSt. Gangolf, Hauptmarkt 9, 54290 TrierMoselmusikfestivalTr\u00e4ume &amp;&hellip;","_links":{"self":[{"href":"https:\/\/www.escapades.de\/en\/wp-json\/wp\/v2\/pages\/4621","targetHints":{"allow":["GET"]}}],"collection":[{"href":"https:\/\/www.escapades.de\/en\/wp-json\/wp\/v2\/pages"}],"about":[{"href":"https:\/\/www.escapades.de\/en\/wp-json\/wp\/v2\/types\/page"}],"author":[{"embeddable":true,"href":"https:\/\/www.escapades.de\/en\/wp-json\/wp\/v2\/users\/1"}],"replies":[{"embeddable":true,"href":"https:\/\/www.escapades.de\/en\/wp-json\/wp\/v2\/comments?post=4621"}],"version-history":[{"count":0,"href":"https:\/\/www.escapades.de\/en\/wp-json\/wp\/v2\/pages\/4621\/revisions"}],"up":[{"embeddable":true,"href":"https:\/\/www.escapades.de\/en\/wp-json\/wp\/v2\/pages\/4144"}],"wp:attachment":[{"href":"https:\/\/www.escapades.de\/en\/wp-json\/wp\/v2\/media?parent=4621"}],"curies":[{"name":"wp","href":"https:\/\/api.w.org\/{rel}","templated":true}]}}