{"id":5254,"date":"2024-10-11T06:18:56","date_gmt":"2024-10-11T06:18:56","guid":{"rendered":"https:\/\/www.escapades.de\/?page_id=5254"},"modified":"2025-05-26T19:00:13","modified_gmt":"2025-05-26T19:00:13","slug":"konzerttermine-2024","status":"publish","type":"page","link":"https:\/\/www.escapades.de\/en\/konzertarchiv\/konzerttermine-2024\/","title":{"rendered":"Concert dates 2024"},"content":{"rendered":"<p><\/p>\n\n\n\n<div class=\"wp-block-media-text has-media-on-the-right is-stacked-on-mobile\" style=\"grid-template-columns:auto 38%\"><div class=\"wp-block-media-text__content\">\n<p>Sunday, 17 November 2024, 5:00 pm<\/p>\n\n\n\n<h3 class=\"wp-block-heading\">Freshly painted! <\/h3>\n\n\n\n<p>Church of the Resurrection<br>Lange Stra\u00dfe 28, 76199 Karlsruhe - R\u00fcppurr<br>Anniversary prelude with 6-part music of the Elizabethan era by Byrd, Jenkins, Lawes and others.<br><a href=\"https:\/\/kalender.karlsruhe.de\/db\/termine\/musik\/frisch_gestrichen_les_escapades_im_jubilaumsauftakt\" title=\"\">Info<\/a><\/p>\n<\/div><figure class=\"wp-block-media-text__media\"><img loading=\"lazy\" decoding=\"async\" width=\"1024\" height=\"683\" src=\"https:\/\/www.escapades.de\/wp-content\/uploads\/2024\/07\/SWR_Aufnahme_Foto_Meissner_Tanja_21.01.2020-020-1024x683.jpeg\" alt=\"\" class=\"wp-image-5199 size-full\" srcset=\"https:\/\/www.escapades.de\/wp-content\/uploads\/2024\/07\/SWR_Aufnahme_Foto_Meissner_Tanja_21.01.2020-020-1024x683.jpeg 1024w, https:\/\/www.escapades.de\/wp-content\/uploads\/2024\/07\/SWR_Aufnahme_Foto_Meissner_Tanja_21.01.2020-020-300x200.jpeg 300w, https:\/\/www.escapades.de\/wp-content\/uploads\/2024\/07\/SWR_Aufnahme_Foto_Meissner_Tanja_21.01.2020-020-768x512.jpeg 768w, https:\/\/www.escapades.de\/wp-content\/uploads\/2024\/07\/SWR_Aufnahme_Foto_Meissner_Tanja_21.01.2020-020-18x12.jpeg 18w, https:\/\/www.escapades.de\/wp-content\/uploads\/2024\/07\/SWR_Aufnahme_Foto_Meissner_Tanja_21.01.2020-020-500x334.jpeg 500w, https:\/\/www.escapades.de\/wp-content\/uploads\/2024\/07\/SWR_Aufnahme_Foto_Meissner_Tanja_21.01.2020-020-800x534.jpeg 800w, https:\/\/www.escapades.de\/wp-content\/uploads\/2024\/07\/SWR_Aufnahme_Foto_Meissner_Tanja_21.01.2020-020.jpeg 1280w\" sizes=\"auto, (max-width: 1024px) 100vw, 1024px\" \/><\/figure><\/div>\n\n\n\n<p><\/p>\n\n\n\n<div class=\"wp-block-media-text has-media-on-the-right is-stacked-on-mobile\" style=\"grid-template-columns:auto 38%\"><div class=\"wp-block-media-text__content\">\n<p>Sunday, 22 June 2024, 7:30 pm<\/p>\n\n\n\n<h3 class=\"wp-block-heading\">Dreams &amp; Visions<\/h3>\n\n\n\n<p>Heiligenberg Evening Serenades<br>84337 Sch\u00f6nau - Heiligenberg<br>Musical-poetic journey through a wondrous night<br>With Sebastian Mirow, speaker<br><a href=\"https:\/\/www.heiligenbergmusik.de\/\" target=\"_blank\" rel=\"noopener\" title=\"\">https:\/\/www.heiligenbergmusik.de\/<\/a><\/p>\n<\/div><figure class=\"wp-block-media-text__media\"><img loading=\"lazy\" decoding=\"async\" width=\"1024\" height=\"682\" src=\"https:\/\/www.escapades.de\/wp-content\/uploads\/2023\/11\/LE_231013_FY_7757-1-1024x682.jpg\" alt=\"\" class=\"wp-image-4959 size-full\" srcset=\"https:\/\/www.escapades.de\/wp-content\/uploads\/2023\/11\/LE_231013_FY_7757-1-1024x682.jpg 1024w, https:\/\/www.escapades.de\/wp-content\/uploads\/2023\/11\/LE_231013_FY_7757-1-300x200.jpg 300w, https:\/\/www.escapades.de\/wp-content\/uploads\/2023\/11\/LE_231013_FY_7757-1-768x512.jpg 768w, https:\/\/www.escapades.de\/wp-content\/uploads\/2023\/11\/LE_231013_FY_7757-1-1536x1024.jpg 1536w, https:\/\/www.escapades.de\/wp-content\/uploads\/2023\/11\/LE_231013_FY_7757-1-18x12.jpg 18w, https:\/\/www.escapades.de\/wp-content\/uploads\/2023\/11\/LE_231013_FY_7757-1-500x333.jpg 500w, https:\/\/www.escapades.de\/wp-content\/uploads\/2023\/11\/LE_231013_FY_7757-1-800x533.jpg 800w, https:\/\/www.escapades.de\/wp-content\/uploads\/2023\/11\/LE_231013_FY_7757-1-1280x853.jpg 1280w, https:\/\/www.escapades.de\/wp-content\/uploads\/2023\/11\/LE_231013_FY_7757-1-1920x1280.jpg 1920w, https:\/\/www.escapades.de\/wp-content\/uploads\/2023\/11\/LE_231013_FY_7757-1.jpg 2000w\" sizes=\"auto, (max-width: 1024px) 100vw, 1024px\" \/><\/figure><\/div>\n\n\n\n<p><\/p>\n\n\n\n<div class=\"wp-block-media-text has-media-on-the-right is-stacked-on-mobile\" style=\"grid-template-columns:auto 38%\"><div class=\"wp-block-media-text__content\">\n<p>Sunday, 9 June 2024, 5:00 pm<\/p>\n\n\n\n<h3 class=\"wp-block-heading\">Dreams &amp; Visions<\/h3>\n\n\n\n<p>Monastery Concerts Frankfurt<br>Carmelite Monastery | Institute for City History<br>M\u00fcnzgasse 9, 60311 Frankfurt<br>Musical-poetic journey through a wondrous night<br>With Sebastian Mirow, speaker<br><a href=\"https:\/\/allegra-online.de\/de\/calendar_description?termin=1101\" target=\"_blank\" rel=\"noopener\" title=\"\">Info and maps<\/a><\/p>\n<\/div><figure class=\"wp-block-media-text__media\"><img loading=\"lazy\" decoding=\"async\" width=\"1024\" height=\"682\" src=\"https:\/\/www.escapades.de\/wp-content\/uploads\/2023\/11\/LE_231013_FY_7757-1-1024x682.jpg\" alt=\"\" class=\"wp-image-4959 size-full\" srcset=\"https:\/\/www.escapades.de\/wp-content\/uploads\/2023\/11\/LE_231013_FY_7757-1-1024x682.jpg 1024w, https:\/\/www.escapades.de\/wp-content\/uploads\/2023\/11\/LE_231013_FY_7757-1-300x200.jpg 300w, https:\/\/www.escapades.de\/wp-content\/uploads\/2023\/11\/LE_231013_FY_7757-1-768x512.jpg 768w, https:\/\/www.escapades.de\/wp-content\/uploads\/2023\/11\/LE_231013_FY_7757-1-1536x1024.jpg 1536w, https:\/\/www.escapades.de\/wp-content\/uploads\/2023\/11\/LE_231013_FY_7757-1-18x12.jpg 18w, https:\/\/www.escapades.de\/wp-content\/uploads\/2023\/11\/LE_231013_FY_7757-1-500x333.jpg 500w, https:\/\/www.escapades.de\/wp-content\/uploads\/2023\/11\/LE_231013_FY_7757-1-800x533.jpg 800w, https:\/\/www.escapades.de\/wp-content\/uploads\/2023\/11\/LE_231013_FY_7757-1-1280x853.jpg 1280w, https:\/\/www.escapades.de\/wp-content\/uploads\/2023\/11\/LE_231013_FY_7757-1-1920x1280.jpg 1920w, https:\/\/www.escapades.de\/wp-content\/uploads\/2023\/11\/LE_231013_FY_7757-1.jpg 2000w\" sizes=\"auto, (max-width: 1024px) 100vw, 1024px\" \/><\/figure><\/div>\n\n\n\n<p><\/p>\n\n\n\n<div class=\"wp-block-media-text has-media-on-the-right is-stacked-on-mobile\" style=\"grid-template-columns:auto 38%\"><div class=\"wp-block-media-text__content\">\n<p>Wednesday, 24 April 2024, 20:00 hrs<\/p>\n\n\n\n<h3 class=\"wp-block-heading\">Sandie Wollasch: \"Women's choice\"<\/h3>\n\n\n\n<p>CD release of the Karlsruhe jazz and pop singer <br>Sandie Wollasch <br>at the Tollhaus, Alter Schlachthof 35, 76131 Karlsruhe<br><br><strong>Les Escapades are there live<\/strong> (and are looking forward to it!!)<br><br><a href=\"https:\/\/tollhaus.de\/de\/data\/termin\/4159\/sandie-wollasch.html\" title=\"\">Information about the event at the Tollhaus<\/a><br><br>Information about the project: <a href=\"https:\/\/sandiew.de\/womenschoice\" title=\"\">https:\/\/sandiew.de\/womenschoice<\/a><\/p>\n<\/div><figure class=\"wp-block-media-text__media\"><img loading=\"lazy\" decoding=\"async\" width=\"362\" height=\"371\" src=\"https:\/\/www.escapades.de\/wp-content\/uploads\/2024\/01\/WomensChoiceOutNow_stoerer.jpg\" alt=\"\" class=\"wp-image-5100 size-full\" srcset=\"https:\/\/www.escapades.de\/wp-content\/uploads\/2024\/01\/WomensChoiceOutNow_stoerer.jpg 362w, https:\/\/www.escapades.de\/wp-content\/uploads\/2024\/01\/WomensChoiceOutNow_stoerer-293x300.jpg 293w, https:\/\/www.escapades.de\/wp-content\/uploads\/2024\/01\/WomensChoiceOutNow_stoerer-12x12.jpg 12w\" sizes=\"auto, (max-width: 362px) 100vw, 362px\" \/><\/figure><\/div>\n\n\n\n<p><\/p>\n\n\n\n<div class=\"wp-block-media-text has-media-on-the-right is-stacked-on-mobile\" style=\"grid-template-columns:auto 38%\"><div class=\"wp-block-media-text__content\">\n<p>Holy Friday, 29 March, 6:00 pm<\/p>\n\n\n\n<h3 class=\"wp-block-heading\">Buxtehude: Membra Jesu Nostri<\/h3>\n\n\n\n<p><strong>Christ Church<\/strong><br>Riefstahlstra\u00dfe 2, 76133 Karlsruhe<br>Jesscia Jans and Joowon Chung, soprano | Alexander Schneider, alto | Daniel Schreiber, tenor | Matthias Lutze, bass | Stefanie K\u00f6hler, narrator | Thorsten Gellings, percussion | Oratorienchor Karlsruhe, conducted by Peter Gortner<br>Info: in the <a href=\"https:\/\/www.christuskirche-karlsruhe.de\/media\/download\/variant\/363710\/jahresprogramm2024_auflageii_web.pdf\" title=\"\">Annual programme<\/a> of the Christuskirche, page 5<\/p>\n<\/div><figure class=\"wp-block-media-text__media\"><img loading=\"lazy\" decoding=\"async\" width=\"1024\" height=\"682\" src=\"https:\/\/www.escapades.de\/wp-content\/uploads\/2024\/01\/49-LE_231013_FY_7904-1-1024x682.jpeg\" alt=\"\" class=\"wp-image-5076 size-full\" srcset=\"https:\/\/www.escapades.de\/wp-content\/uploads\/2024\/01\/49-LE_231013_FY_7904-1-1024x682.jpeg 1024w, https:\/\/www.escapades.de\/wp-content\/uploads\/2024\/01\/49-LE_231013_FY_7904-1-300x200.jpeg 300w, https:\/\/www.escapades.de\/wp-content\/uploads\/2024\/01\/49-LE_231013_FY_7904-1-768x512.jpeg 768w, https:\/\/www.escapades.de\/wp-content\/uploads\/2024\/01\/49-LE_231013_FY_7904-1-18x12.jpeg 18w, https:\/\/www.escapades.de\/wp-content\/uploads\/2024\/01\/49-LE_231013_FY_7904-1-500x333.jpeg 500w, https:\/\/www.escapades.de\/wp-content\/uploads\/2024\/01\/49-LE_231013_FY_7904-1-800x533.jpeg 800w, https:\/\/www.escapades.de\/wp-content\/uploads\/2024\/01\/49-LE_231013_FY_7904-1.jpeg 1280w\" sizes=\"auto, (max-width: 1024px) 100vw, 1024px\" \/><\/figure><\/div>\n\n\n\n<p><\/p>\n\n\n\n<div class=\"wp-block-media-text has-media-on-the-right is-stacked-on-mobile\" style=\"grid-template-columns:auto 38%\"><div class=\"wp-block-media-text__content\">\n<p>Holy Friday, 29 March, 10:00 a.m.<\/p>\n\n\n\n<h3 class=\"wp-block-heading\">Sch\u00fctz: The seven words of Jesus on the cross<\/h3>\n\n\n\n<p><strong>Christ Church<\/strong><br>Riefstahlstra\u00dfe 2, 76133 Karlsruhe<br>Vocal ensemble (see below) | Oratorienchor Karlsruhe, conductor: Peter Gortner<br>Liturgy and sermon: Gabriele Hug<br>Info: in the <a href=\"https:\/\/www.christuskirche-karlsruhe.de\/media\/download\/variant\/363710\/jahresprogramm2024_auflageii_web.pdf\" title=\"\">Annual programme<\/a> of the Christuskirche, page 4<\/p>\n<\/div><figure class=\"wp-block-media-text__media\"><img loading=\"lazy\" decoding=\"async\" width=\"1024\" height=\"682\" src=\"https:\/\/www.escapades.de\/wp-content\/uploads\/2024\/01\/49-LE_231013_FY_7904-1-1024x682.jpeg\" alt=\"\" class=\"wp-image-5076 size-full\" srcset=\"https:\/\/www.escapades.de\/wp-content\/uploads\/2024\/01\/49-LE_231013_FY_7904-1-1024x682.jpeg 1024w, https:\/\/www.escapades.de\/wp-content\/uploads\/2024\/01\/49-LE_231013_FY_7904-1-300x200.jpeg 300w, https:\/\/www.escapades.de\/wp-content\/uploads\/2024\/01\/49-LE_231013_FY_7904-1-768x512.jpeg 768w, https:\/\/www.escapades.de\/wp-content\/uploads\/2024\/01\/49-LE_231013_FY_7904-1-18x12.jpeg 18w, https:\/\/www.escapades.de\/wp-content\/uploads\/2024\/01\/49-LE_231013_FY_7904-1-500x333.jpeg 500w, https:\/\/www.escapades.de\/wp-content\/uploads\/2024\/01\/49-LE_231013_FY_7904-1-800x533.jpeg 800w, https:\/\/www.escapades.de\/wp-content\/uploads\/2024\/01\/49-LE_231013_FY_7904-1.jpeg 1280w\" sizes=\"auto, (max-width: 1024px) 100vw, 1024px\" \/><\/figure><\/div>\n\n\n\n<div class=\"wp-block-buttons is-content-justification-center is-layout-flex wp-container-core-buttons-is-layout-a89b3969 wp-block-buttons-is-layout-flex\">\n<div class=\"wp-block-button\"><a class=\"wp-block-button__link wp-element-button\" href=\"https:\/\/www.escapades.de\/en\/konzertarchiv\/\">to the concert archive<\/a><\/div>\n<\/div>","protected":false},"excerpt":{"rendered":"<p>Sonntag, 17. November 2024, 17:00 Uhr Frisch gestrichen! AuferstehungskircheLange Stra\u00dfe 28, 76199 Karlsruhe &#8211; R\u00fcppurrJubil\u00e4umsauftakt mit 6-stimmiger Musik des elisabethanischen Zeitalters von Byrd, Jenkins, Lawes u.a.Infos Sonntag, 22. Juni 2024, 19:30 Uhr Tr\u00e4ume &amp; Visionen Heiligenberger Abendserenaden84337 Sch\u00f6nau &#8211; HeiligenbergMusikalisch-poetische Reise durch eine wundersame NachtMit Sebastian Mirow, Sprecherhttps:\/\/www.heiligenbergmusik.de\/ Sonntag, 9. Juni 2024, 17:00 Uhr Tr\u00e4ume [&hellip;]<\/p>\n","protected":false},"author":1,"featured_media":0,"parent":4144,"menu_order":0,"comment_status":"closed","ping_status":"closed","template":"","meta":{"_uag_custom_page_level_css":"","site-sidebar-layout":"default","site-content-layout":"","ast-site-content-layout":"default","site-content-style":"default","site-sidebar-style":"default","ast-global-header-display":"","ast-banner-title-visibility":"","ast-main-header-display":"","ast-hfb-above-header-display":"","ast-hfb-below-header-display":"","ast-hfb-mobile-header-display":"","site-post-title":"disabled","ast-breadcrumbs-content":"","ast-featured-img":"","footer-sml-layout":"","ast-disable-related-posts":"","theme-transparent-header-meta":"","adv-header-id-meta":"","stick-header-meta":"","header-above-stick-meta":"","header-main-stick-meta":"","header-below-stick-meta":"","astra-migrate-meta-layouts":"set","ast-page-background-enabled":"default","ast-page-background-meta":{"desktop":{"background-color":"var(--ast-global-color-4)","background-image":"","background-repeat":"repeat","background-position":"center center","background-size":"auto","background-attachment":"scroll","background-type":"","background-media":"","overlay-type":"","overlay-color":"","overlay-opacity":"","overlay-gradient":""},"tablet":{"background-color":"","background-image":"","background-repeat":"repeat","background-position":"center center","background-size":"auto","background-attachment":"scroll","background-type":"","background-media":"","overlay-type":"","overlay-color":"","overlay-opacity":"","overlay-gradient":""},"mobile":{"background-color":"","background-image":"","background-repeat":"repeat","background-position":"center center","background-size":"auto","background-attachment":"scroll","background-type":"","background-media":"","overlay-type":"","overlay-color":"","overlay-opacity":"","overlay-gradient":""}},"ast-content-background-meta":{"desktop":{"background-color":"var(--ast-global-color-5)","background-image":"","background-repeat":"repeat","background-position":"center center","background-size":"auto","background-attachment":"scroll","background-type":"","background-media":"","overlay-type":"","overlay-color":"","overlay-opacity":"","overlay-gradient":""},"tablet":{"background-color":"var(--ast-global-color-5)","background-image":"","background-repeat":"repeat","background-position":"center center","background-size":"auto","background-attachment":"scroll","background-type":"","background-media":"","overlay-type":"","overlay-color":"","overlay-opacity":"","overlay-gradient":""},"mobile":{"background-color":"var(--ast-global-color-5)","background-image":"","background-repeat":"repeat","background-position":"center center","background-size":"auto","background-attachment":"scroll","background-type":"","background-media":"","overlay-type":"","overlay-color":"","overlay-opacity":"","overlay-gradient":""}},"ngg_post_thumbnail":0,"_vp_format_video_url":"","_vp_image_focal_point":[],"footnotes":""},"class_list":["post-5254","page","type-page","status-publish","hentry"],"aioseo_notices":[],"uagb_featured_image_src":{"full":false,"thumbnail":false,"medium":false,"medium_large":false,"large":false,"1536x1536":false,"2048x2048":false,"trp-custom-language-flag":false,"vp_sm":false,"vp_md":false,"vp_lg":false,"vp_xl":false,"vp_sm_popup":false,"vp_md_popup":false,"vp_xl_popup":false,"bdpp-medium":false},"uagb_author_info":{"display_name":"webproofed","author_link":"https:\/\/www.escapades.de\/en\/author\/admin\/"},"uagb_comment_info":0,"uagb_excerpt":"Sonntag, 17. November 2024, 17:00 Uhr Frisch gestrichen! AuferstehungskircheLange Stra\u00dfe 28, 76199 Karlsruhe &#8211; R\u00fcppurrJubil\u00e4umsauftakt mit 6-stimmiger Musik des elisabethanischen Zeitalters von Byrd, Jenkins, Lawes u.a.Infos Sonntag, 22. Juni 2024, 19:30 Uhr Tr\u00e4ume &amp; Visionen Heiligenberger Abendserenaden84337 Sch\u00f6nau &#8211; HeiligenbergMusikalisch-poetische Reise durch eine wundersame NachtMit Sebastian Mirow, Sprecherhttps:\/\/www.heiligenbergmusik.de\/ Sonntag, 9. Juni 2024, 17:00 Uhr Tr\u00e4ume&hellip;","_links":{"self":[{"href":"https:\/\/www.escapades.de\/en\/wp-json\/wp\/v2\/pages\/5254","targetHints":{"allow":["GET"]}}],"collection":[{"href":"https:\/\/www.escapades.de\/en\/wp-json\/wp\/v2\/pages"}],"about":[{"href":"https:\/\/www.escapades.de\/en\/wp-json\/wp\/v2\/types\/page"}],"author":[{"embeddable":true,"href":"https:\/\/www.escapades.de\/en\/wp-json\/wp\/v2\/users\/1"}],"replies":[{"embeddable":true,"href":"https:\/\/www.escapades.de\/en\/wp-json\/wp\/v2\/comments?post=5254"}],"version-history":[{"count":4,"href":"https:\/\/www.escapades.de\/en\/wp-json\/wp\/v2\/pages\/5254\/revisions"}],"predecessor-version":[{"id":5611,"href":"https:\/\/www.escapades.de\/en\/wp-json\/wp\/v2\/pages\/5254\/revisions\/5611"}],"up":[{"embeddable":true,"href":"https:\/\/www.escapades.de\/en\/wp-json\/wp\/v2\/pages\/4144"}],"wp:attachment":[{"href":"https:\/\/www.escapades.de\/en\/wp-json\/wp\/v2\/media?parent=5254"}],"curies":[{"name":"wp","href":"https:\/\/api.w.org\/{rel}","templated":true}]}}